{"id":802,"date":"2019-03-31T17:49:15","date_gmt":"2019-03-31T15:49:15","guid":{"rendered":"https:\/\/www.ajuntamentbenissano.es\/?page_id=802"},"modified":"2023-08-04T09:27:14","modified_gmt":"2023-08-04T07:27:14","slug":"otras-organizaciones-municipales","status":"publish","type":"page","link":"https:\/\/ajuntamentbenissano.es\/es\/ayuntamiento\/corporacion-municipal\/otras-organizaciones-municipales\/","title":{"rendered":"Otras organizaciones municipales"},"content":{"rendered":"<p>[vc_row css_animation=\u00bb\u00bb row_type=\u00bbrow\u00bb use_row_as_full_screen_section=\u00bbno\u00bb type=\u00bbfull_width\u00bb angled_section=\u00bbno\u00bb text_align=\u00bbcenter\u00bb background_image_as_pattern=\u00bbwithout_pattern\u00bb z_index=\u00bb\u00bb css=\u00bb.vc_custom_1555235313557{margin-bottom: 30px !important;}\u00bb][vc_column offset=\u00bbvc_hidden-lg vc_hidden-md\u00bb][vc_single_image image=\u00bb2604&#8243; img_size=\u00bbfull\u00bb alignment=\u00bbcenter\u00bb qode_css_animation=\u00bb\u00bb css=\u00bb.vc_custom_1555587937234{margin-bottom: 50px !important;}\u00bb][\/vc_column][\/vc_row][vc_row css_animation=\u00bb\u00bb row_type=\u00bbrow\u00bb use_row_as_full_screen_section=\u00bbno\u00bb type=\u00bbfull_width\u00bb angled_section=\u00bbno\u00bb text_align=\u00bbcenter\u00bb background_image_as_pattern=\u00bbwithout_pattern\u00bb css=\u00bb.vc_custom_1555235283744{margin-top: 0px !important;margin-right: 0px !important;margin-bottom: 0px !important;margin-left: 0px !important;padding-top: 0px !important;padding-right: 0px !important;padding-bottom: 0px !important;padding-left: 0px !important;}\u00bb z_index=\u00bb\u00bb][vc_column css=\u00bb.vc_custom_1555235710794{margin-top: 0px !important;margin-right: 0px !important;margin-bottom: 0px !important;margin-left: 0px !important;padding-top: 0px !important;padding-right: 0px !important;padding-bottom: 0px !important;padding-left: 0px !important;}\u00bb offset=\u00bbvc_hidden-sm vc_hidden-xs\u00bb][vc_row_inner row_type=\u00bbrow\u00bb type=\u00bbfull_width\u00bb text_align=\u00bbleft\u00bb css_animation=\u00bb\u00bb][vc_column_inner][vc_separator type=\u00bbnormal\u00bb up=\u00bb150&#8243;][\/vc_column_inner][\/vc_row_inner][vc_single_image image=\u00bb2604&#8243; img_size=\u00bbfull\u00bb alignment=\u00bbcenter\u00bb qode_css_animation=\u00bb\u00bb css=\u00bb.vc_custom_1555587974059{margin-right: 0px !important;margin-bottom: -100px !important;margin-left: 0px !important;padding-top: 0px !important;padding-right: 0px !important;padding-bottom: 0px !important;padding-left: 0px !important;}\u00bb][vc_row_inner row_type=\u00bbrow\u00bb use_as_box=\u00bbuse_row_as_box\u00bb type=\u00bbgrid\u00bb text_align=\u00bbcenter\u00bb css_animation=\u00bb\u00bb css=\u00bb.vc_custom_1551903466347{background-position: 0 0 !important;background-repeat: no-repeat !important;}\u00bb el_class=\u00bbpage_link\u00bb][vc_column_inner el_class=\u00bbhomebanner\u00bb width=\u00bb1\/4&#8243; css=\u00bb.vc_custom_1555007965007{margin-bottom: 15px !important;padding-right: 25px !important;padding-left: 25px !important;}\u00bb offset=\u00bbvc_hidden-sm vc_hidden-xs\u00bb][qode_elements_holder number_of_columns=\u00bbone_column\u00bb alignment_one_column=\u00bbcenter\u00bb][qode_elements_holder_item vertical_alignment=\u00bbbottom\u00bb horizontal_alignment=\u00bbcenter\u00bb advanced_animations=\u00bbno\u00bb background_color=\u00bb#a60f38&#8243;][vc_single_image image=\u00bb359&#8243; img_size=\u00bb75&#215;75&#8243; alignment=\u00bbcenter\u00bb onclick=\u00bbcustom_link\u00bb qode_css_animation=\u00bb\u00bb link=\u00bb\/ayuntamiento\/\u00bb css=\u00bb.vc_custom_1553712804053{margin-top: 20px !important;}\u00bb][vc_column_text css=\u00bb.vc_custom_1555240424612{margin-top: 5px !important;margin-bottom: 0px !important;}\u00bb]<\/p>\n<h3 class=\"homebannertit\"><a class=\"homebannertit\" href=\"https:\/\/ajuntamentbenissano.ayuntamientobenisano.es\/ayuntamiento\/\"><br \/>\nAyuntamiento<\/a><\/h3>\n<p>[\/vc_column_text][\/qode_elements_holder_item][\/qode_elements_holder][\/vc_column_inner][vc_column_inner el_class=\u00bbhomebanner\u00bb width=\u00bb1\/4&#8243; css=\u00bb.vc_custom_1555007974782{margin-bottom: 15px !important;padding-right: 25px !important;padding-left: 25px !important;}\u00bb offset=\u00bbvc_hidden-sm vc_hidden-xs\u00bb][qode_elements_holder number_of_columns=\u00bbone_column\u00bb][qode_elements_holder_item vertical_alignment=\u00bbbottom\u00bb horizontal_alignment=\u00bbcenter\u00bb advanced_animations=\u00bbno\u00bb background_color=\u00bb#a60f38&#8243;][vc_single_image image=\u00bb361&#8243; img_size=\u00bb75&#215;75&#8243; alignment=\u00bbcenter\u00bb onclick=\u00bbcustom_link\u00bb qode_css_animation=\u00bb\u00bb link=\u00bb\/sede-electronica\/\u00bb css=\u00bb.vc_custom_1553712876004{margin-top: 20px !important;}\u00bb][vc_column_text css=\u00bb.vc_custom_1555240534140{margin-top: 5px !important;margin-bottom: 0px !important;}\u00bb]<\/p>\n<h3 class=\"homebannertit\"><a class=\"homebannertit\" href=\"http:\/\/ajuntamentbenissano.sedelectronica.es\/\">Sede<br \/>\nelectr\u00f3nica<\/a><\/h3>\n<p>[\/vc_column_text][\/qode_elements_holder_item][\/qode_elements_holder][\/vc_column_inner][vc_column_inner el_class=\u00bbhomebanner\u00bb width=\u00bb1\/4&#8243; css=\u00bb.vc_custom_1555007986459{margin-bottom: 15px !important;padding-right: 25px !important;padding-left: 25px !important;}\u00bb offset=\u00bbvc_hidden-sm vc_hidden-xs\u00bb][qode_elements_holder number_of_columns=\u00bbone_column\u00bb][qode_elements_holder_item vertical_alignment=\u00bbbottom\u00bb horizontal_alignment=\u00bbcenter\u00bb advanced_animations=\u00bbno\u00bb background_color=\u00bb#a60f38&#8243;][vc_single_image image=\u00bb360&#8243; img_size=\u00bb75&#215;75&#8243; alignment=\u00bbcenter\u00bb onclick=\u00bbcustom_link\u00bb qode_css_animation=\u00bb\u00bb link=\u00bb\/municipio\/\u00bb css=\u00bb.vc_custom_1553712938892{margin-top: 20px !important;}\u00bb][vc_column_text css=\u00bb.vc_custom_1555240573537{margin-top: 5px !important;margin-bottom: 0px !important;}\u00bb]<\/p>\n<h3 class=\"homebannertit\"><a class=\"homebannertit\" href=\"https:\/\/ajuntamentbenissano.ayuntamientobenisano.es\/municipio\/\"><br \/>\nMunicipio<\/a><\/h3>\n<p>[\/vc_column_text][\/qode_elements_holder_item][\/qode_elements_holder][\/vc_column_inner][vc_column_inner el_class=\u00bbhomebanner\u00bb width=\u00bb1\/4&#8243; css=\u00bb.vc_custom_1555007993986{margin-bottom: 15px !important;padding-right: 25px !important;padding-left: 25px !important;}\u00bb offset=\u00bbvc_hidden-sm vc_hidden-xs\u00bb][qode_elements_holder number_of_columns=\u00bbone_column\u00bb][qode_elements_holder_item vertical_alignment=\u00bbbottom\u00bb horizontal_alignment=\u00bbcenter\u00bb advanced_animations=\u00bbno\u00bb background_color=\u00bb#a60f38&#8243;][vc_single_image image=\u00bb362&#8243; img_size=\u00bb75&#215;75&#8243; alignment=\u00bbcenter\u00bb onclick=\u00bbcustom_link\u00bb qode_css_animation=\u00bb\u00bb link=\u00bb#\u00bb css=\u00bb.vc_custom_1552334194445{margin-top: 20px !important;}\u00bb][vc_column_text css=\u00bb.vc_custom_1555240602460{margin-top: 5px !important;margin-bottom: 0px !important;}\u00bb]<\/p>\n<h3 class=\"homebannertit\"><a class=\"homebannertit\" href=\"https:\/\/ajuntamentbenissano.ayuntamientobenisano.es\/portal-de-transparencia\/\">Portal de<br \/>\ntransparencia<\/a><\/h3>\n<p>[\/vc_column_text][\/qode_elements_holder_item][\/qode_elements_holder][\/vc_column_inner][\/vc_row_inner][vc_separator type=\u00bbtransparent\u00bb up=\u00bb15&#8243; down=\u00bb15&#8243;][\/vc_column][\/vc_row][vc_row css_animation=\u00bb\u00bb row_type=\u00bbrow\u00bb use_row_as_full_screen_section=\u00bbno\u00bb type=\u00bbfull_width\u00bb angled_section=\u00bbno\u00bb text_align=\u00bbcenter\u00bb background_image_as_pattern=\u00bbwithout_pattern\u00bb z_index=\u00bb\u00bb][vc_column][vc_row_inner row_type=\u00bbrow\u00bb type=\u00bbgrid\u00bb text_align=\u00bbleft\u00bb css_animation=\u00bb\u00bb][vc_column_inner][vc_column_text el_class=\u00bbtitpagina\u00bb]<\/p>\n<h1>Otras organizaciones municipales<\/h1>\n<p>[\/vc_column_text][\/vc_column_inner][\/vc_row_inner][\/vc_column][\/vc_row][vc_row css_animation=\u00bb\u00bb row_type=\u00bbrow\u00bb use_row_as_full_screen_section=\u00bbno\u00bb type=\u00bbfull_width\u00bb angled_section=\u00bbno\u00bb text_align=\u00bbleft\u00bb background_image_as_pattern=\u00bbwithout_pattern\u00bb][vc_column][vc_separator type=\u00bbtransparent\u00bb down=\u00bb50&#8243;][\/vc_column][\/vc_row][vc_row css_animation=\u00bb\u00bb row_type=\u00bbrow\u00bb use_row_as_full_screen_section=\u00bbno\u00bb type=\u00bbgrid\u00bb angled_section=\u00bbno\u00bb text_align=\u00bbleft\u00bb background_image_as_pattern=\u00bbwithout_pattern\u00bb z_index=\u00bb\u00bb][vc_column css=\u00bb.vc_custom_1554048725040{margin: 0px !important;padding: 0px !important;border: 1px solid #a60f38 !important;border-radius: 3px !important;}\u00bb]<div class=\"qode-advanced-tabs qode-advanced-tabs qode-advanced-horizontal-tab clearfix qode-advanced-tab-with-icon qode-advanced-tabs-column-3 clearfix\">\n\t<ul class=\"qode-advanced-tabs-nav\">\n\t\t\t\t\t<li>\n\t\t\t\t<h3>\n\t\t\t\t\t<a href=\"#tab-consejo-agrario-municipal\">\n\t\t\t\t\t\t\t\t\t\t\t\t\t<span class=\"qode-advanced-icon-frame\"><\/span>\n\t\t\t\t\t\t\n\t\t\t\t\t\t\t\t\t\t\t\t\t<span class=\"qode-advanced-tab-text-after-icon\">\n\t\t\t\t\t\t\t\tConsejo agrario municipal\t\t\t\t\t\t\t<\/span>\n\t\t\t\t\t\t\t\t\t\t\t<\/a>\n\t\t\t\t<\/h3>\n\t\t\t<\/li>\n\t\t\t\t\t<li>\n\t\t\t\t<h3>\n\t\t\t\t\t<a href=\"#tab-consejo-sectorial-de-turismo\">\n\t\t\t\t\t\t\t\t\t\t\t\t\t<span class=\"qode-advanced-icon-frame\"><\/span>\n\t\t\t\t\t\t\n\t\t\t\t\t\t\t\t\t\t\t\t\t<span class=\"qode-advanced-tab-text-after-icon\">\n\t\t\t\t\t\t\t\tConsejo sectorial de turismo\t\t\t\t\t\t\t<\/span>\n\t\t\t\t\t\t\t\t\t\t\t<\/a>\n\t\t\t\t<\/h3>\n\t\t\t<\/li>\n\t\t\t\t\t<li>\n\t\t\t\t<h3>\n\t\t\t\t\t<a href=\"#tab-organizaciones-supramunicipales\">\n\t\t\t\t\t\t\t\t\t\t\t\t\t<span class=\"qode-advanced-icon-frame\"><\/span>\n\t\t\t\t\t\t\n\t\t\t\t\t\t\t\t\t\t\t\t\t<span class=\"qode-advanced-tab-text-after-icon\">\n\t\t\t\t\t\t\t\tOrganizaciones supramunicipales\t\t\t\t\t\t\t<\/span>\n\t\t\t\t\t\t\t\t\t\t\t<\/a>\n\t\t\t\t<\/h3>\n\t\t\t<\/li>\n\t\t\t<\/ul>\n\t<div class=\"qode-advanced-tab-container\" id=\"tab-consejo-agrario-municipal-378\" data-icon-pack=\"\" data-icon-html=\"\">[vc_separator type=\u00bbtransparent\u00bb up=\u00bb20&#8243;][vc_column_text]<\/p>\n<h4>Presidenta<\/h4>\n<p style=\"padding-left: 40px;\"><strong>Amparo Navarro Bargues<\/strong><\/p>\n<p>[\/vc_column_text][vc_separator type=\u00bbsmall\u00bb position=\u00bbleft\u00bb color=\u00bb#a60f38&#8243; up=\u00bb15&#8243; down=\u00bb15&#8243;][vc_column_text]<\/p>\n<h4>Representantes municipales<\/h4>\n<p style=\"padding-left: 40px;\"><strong>Grupo Socialista: Luis Oliver Domingo<\/strong><\/p>\n<p style=\"padding-left: 40px;\"><strong>Grupo PP: Fco. Javier Castellano G\u00f3mez<\/strong><\/p>\n<p>\u00a0[\/vc_column_text][vc_separator type=\u00bbsmall\u00bb position=\u00bbleft\u00bb color=\u00bb#a60f38&#8243; up=\u00bb15&#8243; down=\u00bb15&#8243;][vc_column_text]<\/p>\n<h4>Representantes entitades agrarias<\/h4>\n<p style=\"padding-left: 40px;\"><strong>Dos representantes de la Cooperativa Agr\u00edcola \u00abVerge del Fonament\u00bb<\/strong><\/p>\n<p style=\"padding-left: 40px;\"><strong>Un representante de cada sindicato o Asociaci\u00f3n Agraria representada en el Municipio<\/strong><\/p>\n<p>[\/vc_column_text]<\/div><div class=\"qode-advanced-tab-container\" id=\"tab-consejo-sectorial-de-turismo-179\" data-icon-pack=\"\" data-icon-html=\"\">[vc_separator type=\u00bbtransparent\u00bb up=\u00bb20&#8243;][vc_column_text]<\/p>\n<h4>Presidenta<\/h4>\n<p style=\"padding-left: 40px;\"><strong>Amparo Navarro Bargues<\/strong><\/p>\n<p>[\/vc_column_text][vc_separator type=\u00bbsmall\u00bb position=\u00bbleft\u00bb color=\u00bb#a60f38&#8243;][vc_column_text]<\/p>\n<h4>Representantes municipales<\/h4>\n<p style=\"padding-left: 40px;\"><strong>Grupo Socialista: Rafael Navarro Ferrando, Mar\u00eda Teresa S\u00e1nchez Portol\u00e9s.<\/strong><\/p>\n<p style=\"padding-left: 40px;\"><strong>Grupo PP: Fco. Jos\u00e9 Fortea Sanchis, Pablo Castellano Castellano.<\/strong><\/p>\n<p style=\"padding-left: 40px;\"><strong>Un representante de cada sindicato o asociaci\u00f3n representada en el Municipio.<\/strong><\/p>\n<p style=\"padding-left: 40px;\"><strong>Dos representantes de empresas de hosteler\u00eda.<\/strong><\/p>\n<p>[\/vc_column_text]<\/div><div class=\"qode-advanced-tab-container\" id=\"tab-organizaciones-supramunicipales-665\" data-icon-pack=\"\" data-icon-html=\"\">[vc_separator type=\u00bbtransparent\u00bb up=\u00bb20&#8243;][vc_column_text]<\/p>\n<h4>Asociaci\u00f3n de Municipios Valencianos hacia la Sostenibilidad<\/h4>\n<p>[\/vc_column_text][vc_separator type=\u00bbnormal\u00bb up=\u00bb0&#8243; down=\u00bb25px\u00bb][vc_column_text]<\/p>\n<h5>Concejal titular<\/h5>\n<p style=\"padding-left: 40px;\"><strong>Amparo Navarro Bargues<\/strong><\/p>\n<h5><\/h5>\n<h5>Concejal suplente<\/h5>\n<p style=\"padding-left: 40px;\"><strong>Marisol Ferrando P\u00e9rez<\/strong><\/p>\n<p>[\/vc_column_text][vc_separator type=\u00bbsmall\u00bb position=\u00bbleft\u00bb color=\u00bb#a60f38&#8243;][vc_column_text]<\/p>\n<h4>Consorcio Provincial de Bomberos de Valencia<\/h4>\n<p>[\/vc_column_text][vc_separator type=\u00bbnormal\u00bb up=\u00bb0&#8243; down=\u00bb25&#8243;][vc_column_text]<\/p>\n<h5>Concejal titular<\/h5>\n<p style=\"padding-left: 40px;\"><strong>Amparo Navarro Bargues<\/strong><\/p>\n<h5><\/h5>\n<h5>Concejal suplente<\/h5>\n<p style=\"padding-left: 40px;\"><strong>Marisol Ferrando P\u00e9rez<\/strong><\/p>\n<p>[\/vc_column_text][vc_separator type=\u00bbsmall\u00bb position=\u00bbleft\u00bb color=\u00bb#a60f38&#8243;][vc_column_text]<\/p>\n<h4>Consorcio para la ejecuci\u00f3n de las previsiones del Plano Zonal de Residuos de las zonas VI, VII y IX de la Comunidad Valenciana<\/h4>\n<p>[\/vc_column_text][vc_separator type=\u00bbnormal\u00bb up=\u00bb0&#8243; down=\u00bb25&#8243;][vc_column_text]<\/p>\n<h5>Concejal titular<\/h5>\n<p style=\"padding-left: 40px;\"><strong>Amparo Navarro Bargues<\/strong><\/p>\n<h5><\/h5>\n<h5>Concejal suplente<\/h5>\n<p style=\"padding-left: 40px;\"><strong>Marisol Ferrando P\u00e9rez<\/strong><\/p>\n<p>[\/vc_column_text][vc_separator type=\u00bbsmall\u00bb position=\u00bbleft\u00bb color=\u00bb#a60f38&#8243;][vc_column_text]<\/p>\n<h4>Consejo Escolar de Centros y Consejo Escolar Municipal<\/h4>\n<p>[\/vc_column_text][vc_separator type=\u00bbnormal\u00bb up=\u00bb0&#8243; down=\u00bb25&#8243;][vc_column_text]<\/p>\n<h5>Concejal suplente<\/h5>\n<p style=\"padding-left: 40px;\"><strong>Amparo Navarro Bargues<\/strong><\/p>\n<h5><\/h5>\n<h5>Concejal titular<\/h5>\n<p style=\"padding-left: 40px;\"><strong>Mar\u00eda Teresa S\u00e1nchez Portol\u00e9s<\/strong><\/p>\n<p>[\/vc_column_text][vc_separator type=\u00bbsmall\u00bb position=\u00bbleft\u00bb color=\u00bb#a60f38&#8243;][vc_column_text]<\/p>\n<h4>Mancomunidad Camp de T\u00faria<\/h4>\n<h5>Concejal suplente<\/h5>\n<p style=\"padding-left: 40px;\"><strong>Amparo Navarro Bargues<\/strong><\/p>\n<h5><\/h5>\n<h5>Concejal titular<\/h5>\n<p style=\"padding-left: 40px;\"><strong>Mar\u00eda Teresa S\u00e1nchez Portol\u00e9s<\/strong><\/p>\n<p>\u00a0[\/vc_column_text]<\/div><\/div>[vc_separator type=\u00bbtransparent\u00bb up=\u00bb30px\u00bb down=\u00bb30px\u00bb][\/vc_column][\/vc_row][vc_row css_animation=\u00bb\u00bb row_type=\u00bbrow\u00bb use_row_as_full_screen_section=\u00bbno\u00bb type=\u00bbfull_width\u00bb angled_section=\u00bbno\u00bb text_align=\u00bbleft\u00bb background_image_as_pattern=\u00bbwithout_pattern\u00bb][vc_column][vc_separator type=\u00bbnormal\u00bb color=\u00bb#a60f38&#8243; up=\u00bb50px\u00bb down=\u00bb50px\u00bb][\/vc_column][\/vc_row]<\/p>\n","protected":false},"excerpt":{"rendered":"<p>[vc_row css_animation=\u00bb\u00bb row_type=\u00bbrow\u00bb use_row_as_full_screen_section=\u00bbno\u00bb type=\u00bbfull_width\u00bb angled_section=\u00bbno\u00bb text_align=\u00bbcenter\u00bb background_image_as_pattern=\u00bbwithout_pattern\u00bb z_index=\u00bb\u00bb css=\u00bb.vc_custom_1555235313557{margin-bottom: 30px !important;}\u00bb][vc_column offset=\u00bbvc_hidden-lg vc_hidden-md\u00bb][vc_single_image image=\u00bb2604&#8243; img_size=\u00bbfull\u00bb alignment=\u00bbcenter\u00bb qode_css_animation=\u00bb\u00bb css=\u00bb.vc_custom_1555587937234{margin-bottom: 50px !important;}\u00bb][\/vc_column][\/vc_row][vc_row css_animation=\u00bb\u00bb row_type=\u00bbrow\u00bb use_row_as_full_screen_section=\u00bbno\u00bb type=\u00bbfull_width\u00bb angled_section=\u00bbno\u00bb text_align=\u00bbcenter\u00bb background_image_as_pattern=\u00bbwithout_pattern\u00bb css=\u00bb.vc_custom_1555235283744{margin-top: 0px !important;margin-right: 0px !important;margin-bottom: 0px !important;margin-left: 0px !important;padding-top: 0px !important;padding-right: 0px !important;padding-bottom: 0px !important;padding-left: 0px !important;}\u00bb&#8230;<\/p>\n","protected":false},"author":1,"featured_media":0,"parent":688,"menu_order":2,"comment_status":"closed","ping_status":"closed","template":"full_width.php","meta":[],"yoast_head":"<!-- This site is optimized with the Yoast SEO plugin v19.10 - https:\/\/yoast.com\/wordpress\/plugins\/seo\/ -->\n<title>Otras organizaciones municipales - Ajuntament de Benissan\u00f3<\/title>\n<meta name=\"description\" content=\"Otras organizaciones municipales - Ajuntament de Benissan\u00f3\" \/>\n<meta name=\"robots\" content=\"index, follow, max-snippet:-1, max-image-preview:large, max-video-preview:-1\" \/>\n<link rel=\"canonical\" href=\"https:\/\/ajuntamentbenissano.es\/es\/ayuntamiento\/corporacion-municipal\/otras-organizaciones-municipales\/\" \/>\n<meta property=\"og:locale\" content=\"es_ES\" \/>\n<meta property=\"og:type\" content=\"article\" \/>\n<meta property=\"og:title\" content=\"Otras organizaciones municipales - Ajuntament de Benissan\u00f3\" \/>\n<meta property=\"og:description\" content=\"Otras organizaciones municipales - Ajuntament de Benissan\u00f3\" \/>\n<meta property=\"og:url\" content=\"https:\/\/ajuntamentbenissano.es\/es\/ayuntamiento\/corporacion-municipal\/otras-organizaciones-municipales\/\" \/>\n<meta property=\"og:site_name\" content=\"Ajuntament de Benissan\u00f3\" \/>\n<meta property=\"article:modified_time\" content=\"2023-08-04T07:27:14+00:00\" \/>\n<meta name=\"twitter:card\" content=\"summary_large_image\" \/>\n<meta name=\"twitter:label1\" content=\"Tiempo de lectura\" \/>\n\t<meta name=\"twitter:data1\" content=\"3 minutos\" \/>\n<script type=\"application\/ld+json\" class=\"yoast-schema-graph\">{\"@context\":\"https:\/\/schema.org\",\"@graph\":[{\"@type\":\"WebPage\",\"@id\":\"https:\/\/ajuntamentbenissano.es\/es\/ayuntamiento\/corporacion-municipal\/otras-organizaciones-municipales\/\",\"url\":\"https:\/\/ajuntamentbenissano.es\/es\/ayuntamiento\/corporacion-municipal\/otras-organizaciones-municipales\/\",\"name\":\"Otras organizaciones municipales - Ajuntament de Benissan\u00f3\",\"isPartOf\":{\"@id\":\"https:\/\/ajuntamentbenissano.es\/#website\"},\"datePublished\":\"2019-03-31T15:49:15+00:00\",\"dateModified\":\"2023-08-04T07:27:14+00:00\",\"description\":\"Otras organizaciones municipales - Ajuntament de Benissan\u00f3\",\"breadcrumb\":{\"@id\":\"https:\/\/ajuntamentbenissano.es\/es\/ayuntamiento\/corporacion-municipal\/otras-organizaciones-municipales\/#breadcrumb\"},\"inLanguage\":\"es\",\"potentialAction\":[{\"@type\":\"ReadAction\",\"target\":[\"https:\/\/ajuntamentbenissano.es\/es\/ayuntamiento\/corporacion-municipal\/otras-organizaciones-municipales\/\"]}]},{\"@type\":\"BreadcrumbList\",\"@id\":\"https:\/\/ajuntamentbenissano.es\/es\/ayuntamiento\/corporacion-municipal\/otras-organizaciones-municipales\/#breadcrumb\",\"itemListElement\":[{\"@type\":\"ListItem\",\"position\":1,\"name\":\"Portada\",\"item\":\"https:\/\/ajuntamentbenissano.es\/es\/\"},{\"@type\":\"ListItem\",\"position\":2,\"name\":\"Ayuntamiento\",\"item\":\"https:\/\/ajuntamentbenissano.es\/es\/ayuntamiento\/\"},{\"@type\":\"ListItem\",\"position\":3,\"name\":\"Corporaci\u00f3n municipal\",\"item\":\"https:\/\/ajuntamentbenissano.es\/es\/ayuntamiento\/corporacion-municipal\/\"},{\"@type\":\"ListItem\",\"position\":4,\"name\":\"Otras organizaciones municipales\"}]},{\"@type\":\"WebSite\",\"@id\":\"https:\/\/ajuntamentbenissano.es\/#website\",\"url\":\"https:\/\/ajuntamentbenissano.es\/\",\"name\":\"Ajuntament de Benissan\u00f3\",\"description\":\"Benissan\u00f3, un poble amb hist\u00f2ria\",\"publisher\":{\"@id\":\"https:\/\/ajuntamentbenissano.es\/#organization\"},\"potentialAction\":[{\"@type\":\"SearchAction\",\"target\":{\"@type\":\"EntryPoint\",\"urlTemplate\":\"https:\/\/ajuntamentbenissano.es\/?s={search_term_string}\"},\"query-input\":\"required name=search_term_string\"}],\"inLanguage\":\"es\"},{\"@type\":\"Organization\",\"@id\":\"https:\/\/ajuntamentbenissano.es\/#organization\",\"name\":\"Ajuntament de Benissan\u00f3\",\"url\":\"https:\/\/ajuntamentbenissano.es\/\",\"logo\":{\"@type\":\"ImageObject\",\"inLanguage\":\"es\",\"@id\":\"https:\/\/ajuntamentbenissano.es\/#\/schema\/logo\/image\/\",\"url\":\"https:\/\/ajuntamentbenissano.ayuntamientobenisano.es\/wp-content\/uploads\/2019\/03\/Ajuntament-benissano-st.png\",\"contentUrl\":\"https:\/\/ajuntamentbenissano.ayuntamientobenisano.es\/wp-content\/uploads\/2019\/03\/Ajuntament-benissano-st.png\",\"width\":218,\"height\":90,\"caption\":\"Ajuntament de Benissan\u00f3\"},\"image\":{\"@id\":\"https:\/\/ajuntamentbenissano.es\/#\/schema\/logo\/image\/\"}}]}<\/script>\n<!-- \/ Yoast SEO plugin. -->","yoast_head_json":{"title":"Otras organizaciones municipales - Ajuntament de Benissan\u00f3","description":"Otras organizaciones municipales - Ajuntament de Benissan\u00f3","robots":{"index":"index","follow":"follow","max-snippet":"max-snippet:-1","max-image-preview":"max-image-preview:large","max-video-preview":"max-video-preview:-1"},"canonical":"https:\/\/ajuntamentbenissano.es\/es\/ayuntamiento\/corporacion-municipal\/otras-organizaciones-municipales\/","og_locale":"es_ES","og_type":"article","og_title":"Otras organizaciones municipales - Ajuntament de Benissan\u00f3","og_description":"Otras organizaciones municipales - Ajuntament de Benissan\u00f3","og_url":"https:\/\/ajuntamentbenissano.es\/es\/ayuntamiento\/corporacion-municipal\/otras-organizaciones-municipales\/","og_site_name":"Ajuntament de Benissan\u00f3","article_modified_time":"2023-08-04T07:27:14+00:00","twitter_card":"summary_large_image","twitter_misc":{"Tiempo de lectura":"3 minutos"},"schema":{"@context":"https:\/\/schema.org","@graph":[{"@type":"WebPage","@id":"https:\/\/ajuntamentbenissano.es\/es\/ayuntamiento\/corporacion-municipal\/otras-organizaciones-municipales\/","url":"https:\/\/ajuntamentbenissano.es\/es\/ayuntamiento\/corporacion-municipal\/otras-organizaciones-municipales\/","name":"Otras organizaciones municipales - Ajuntament de Benissan\u00f3","isPartOf":{"@id":"https:\/\/ajuntamentbenissano.es\/#website"},"datePublished":"2019-03-31T15:49:15+00:00","dateModified":"2023-08-04T07:27:14+00:00","description":"Otras organizaciones municipales - Ajuntament de Benissan\u00f3","breadcrumb":{"@id":"https:\/\/ajuntamentbenissano.es\/es\/ayuntamiento\/corporacion-municipal\/otras-organizaciones-municipales\/#breadcrumb"},"inLanguage":"es","potentialAction":[{"@type":"ReadAction","target":["https:\/\/ajuntamentbenissano.es\/es\/ayuntamiento\/corporacion-municipal\/otras-organizaciones-municipales\/"]}]},{"@type":"BreadcrumbList","@id":"https:\/\/ajuntamentbenissano.es\/es\/ayuntamiento\/corporacion-municipal\/otras-organizaciones-municipales\/#breadcrumb","itemListElement":[{"@type":"ListItem","position":1,"name":"Portada","item":"https:\/\/ajuntamentbenissano.es\/es\/"},{"@type":"ListItem","position":2,"name":"Ayuntamiento","item":"https:\/\/ajuntamentbenissano.es\/es\/ayuntamiento\/"},{"@type":"ListItem","position":3,"name":"Corporaci\u00f3n municipal","item":"https:\/\/ajuntamentbenissano.es\/es\/ayuntamiento\/corporacion-municipal\/"},{"@type":"ListItem","position":4,"name":"Otras organizaciones municipales"}]},{"@type":"WebSite","@id":"https:\/\/ajuntamentbenissano.es\/#website","url":"https:\/\/ajuntamentbenissano.es\/","name":"Ajuntament de Benissan\u00f3","description":"Benissan\u00f3, un poble amb hist\u00f2ria","publisher":{"@id":"https:\/\/ajuntamentbenissano.es\/#organization"},"potentialAction":[{"@type":"SearchAction","target":{"@type":"EntryPoint","urlTemplate":"https:\/\/ajuntamentbenissano.es\/?s={search_term_string}"},"query-input":"required name=search_term_string"}],"inLanguage":"es"},{"@type":"Organization","@id":"https:\/\/ajuntamentbenissano.es\/#organization","name":"Ajuntament de Benissan\u00f3","url":"https:\/\/ajuntamentbenissano.es\/","logo":{"@type":"ImageObject","inLanguage":"es","@id":"https:\/\/ajuntamentbenissano.es\/#\/schema\/logo\/image\/","url":"https:\/\/ajuntamentbenissano.ayuntamientobenisano.es\/wp-content\/uploads\/2019\/03\/Ajuntament-benissano-st.png","contentUrl":"https:\/\/ajuntamentbenissano.ayuntamientobenisano.es\/wp-content\/uploads\/2019\/03\/Ajuntament-benissano-st.png","width":218,"height":90,"caption":"Ajuntament de Benissan\u00f3"},"image":{"@id":"https:\/\/ajuntamentbenissano.es\/#\/schema\/logo\/image\/"}}]}},"_links":{"self":[{"href":"https:\/\/ajuntamentbenissano.es\/es\/wp-json\/wp\/v2\/pages\/802"}],"collection":[{"href":"https:\/\/ajuntamentbenissano.es\/es\/wp-json\/wp\/v2\/pages"}],"about":[{"href":"https:\/\/ajuntamentbenissano.es\/es\/wp-json\/wp\/v2\/types\/page"}],"author":[{"embeddable":true,"href":"https:\/\/ajuntamentbenissano.es\/es\/wp-json\/wp\/v2\/users\/1"}],"replies":[{"embeddable":true,"href":"https:\/\/ajuntamentbenissano.es\/es\/wp-json\/wp\/v2\/comments?post=802"}],"version-history":[{"count":2,"href":"https:\/\/ajuntamentbenissano.es\/es\/wp-json\/wp\/v2\/pages\/802\/revisions"}],"predecessor-version":[{"id":5324,"href":"https:\/\/ajuntamentbenissano.es\/es\/wp-json\/wp\/v2\/pages\/802\/revisions\/5324"}],"up":[{"embeddable":true,"href":"https:\/\/ajuntamentbenissano.es\/es\/wp-json\/wp\/v2\/pages\/688"}],"wp:attachment":[{"href":"https:\/\/ajuntamentbenissano.es\/es\/wp-json\/wp\/v2\/media?parent=802"}],"curies":[{"name":"wp","href":"https:\/\/api.w.org\/{rel}","templated":true}]}}