{"id":5705,"date":"2024-05-26T22:13:14","date_gmt":"2024-05-26T20:13:14","guid":{"rendered":"https:\/\/ajuntamentbenissano.es\/antifrau\/"},"modified":"2024-05-26T22:22:15","modified_gmt":"2024-05-26T20:22:15","slug":"antifrau","status":"publish","type":"page","link":"https:\/\/ajuntamentbenissano.es\/es\/antifrau\/","title":{"rendered":"Antifraude"},"content":{"rendered":"<p>[vc_row css_animation=\u00bb\u00bb row_type=\u00bbrow\u00bb use_row_as_full_screen_section=\u00bbno\u00bb type=\u00bbfull_width\u00bb angled_section=\u00bbno\u00bb text_align=\u00bbleft\u00bb background_image_as_pattern=\u00bbwithout_pattern\u00bb][vc_column][vc_empty_space][\/vc_column][\/vc_row][vc_row css_animation=\u00bb\u00bb row_type=\u00bbrow\u00bb use_row_as_full_screen_section=\u00bbno\u00bb type=\u00bbfull_width\u00bb angled_section=\u00bbno\u00bb text_align=\u00bbleft\u00bb background_image_as_pattern=\u00bbwithout_pattern\u00bb][vc_column]<div class='q_icon_with_title medium normal_icon '><div class=\"icon_holder \" style=\" \"><span data-icon-type=\"normal\"   style=\"\" class=\"qode_iwt_icon_holder q_font_awsome_icon fa-3x  \"><i class=\"qode_icon_font_awesome fa fa-file-pdf-o qode_iwt_icon_element\" style=\"color: #a60f38;\" ><\/i><\/span><\/div><div class=\"icon_text_holder\" style=\"\"><div class=\"icon_text_inner\" style=\"\"><h4 class=\"icon_title\" style=\"font-weight: 600;\">Plan antifraude<\/h4><p style=''><\/p><a itemprop='url' class='icon_with_title_link' href='https:\/\/ajuntamentbenissano.es\/wp-content\/uploads\/2024\/05\/Plan-antifraude-.pdf' target='_blank' style='color: #a60f38;'>Descargar<\/a><\/div><\/div><\/div><div class='q_icon_with_title medium normal_icon '><div class=\"icon_holder \" style=\" \"><span data-icon-type=\"normal\"   style=\"\" class=\"qode_iwt_icon_holder q_font_awsome_icon fa-3x  \"><i class=\"qode_icon_font_awesome fa fa-file-pdf-o qode_iwt_icon_element\" style=\"color: #a60f38;\" ><\/i><\/span><\/div><div class=\"icon_text_holder\" style=\"\"><div class=\"icon_text_inner\" style=\"\"><h4 class=\"icon_title\" style=\"font-weight: 600;\">Declaraci\u00f3n institucional.<\/h4><p style=''><\/p><a itemprop='url' class='icon_with_title_link' href='https:\/\/ajuntamentbenissano.es\/wp-content\/uploads\/2024\/05\/20240520_Uns-altres_Declaracion-institucional..pdf' target='_blank' style='color: #a60f38;'>Descargar<\/a><\/div><\/div><\/div><div class='q_icon_with_title medium normal_icon '><div class=\"icon_holder \" style=\" \"><span data-icon-type=\"normal\"   style=\"\" class=\"qode_iwt_icon_holder q_font_awsome_icon fa-3x  \"><i class=\"qode_icon_font_awesome fa fa-file-pdf-o qode_iwt_icon_element\" style=\"color: #a60f38;\" ><\/i><\/span><\/div><div class=\"icon_text_holder\" style=\"\"><div class=\"icon_text_inner\" style=\"\"><h4 class=\"icon_title\" style=\"font-weight: 600;\">C\u00f3digo \u00e9tico<\/h4><p style=''><\/p><a itemprop='url' class='icon_with_title_link' href='https:\/\/ajuntamentbenissano.es\/wp-content\/uploads\/2024\/05\/20240520_Uns-altres_Declaracion-institucional-Codigo-etico.-1.pdf' target='_blank' style='color: #a60f38;'>Descargar<\/a><\/div><\/div><\/div>[\/vc_column][\/vc_row][vc_row css_animation=\u00bb\u00bb row_type=\u00bbrow\u00bb use_row_as_full_screen_section=\u00bbno\u00bb type=\u00bbfull_width\u00bb angled_section=\u00bbno\u00bb text_align=\u00bbleft\u00bb background_image_as_pattern=\u00bbwithout_pattern\u00bb][vc_column][vc_empty_space][\/vc_column][\/vc_row]<\/p>\n","protected":false},"excerpt":{"rendered":"<p>[vc_row css_animation=\u00bb\u00bb row_type=\u00bbrow\u00bb use_row_as_full_screen_section=\u00bbno\u00bb type=\u00bbfull_width\u00bb angled_section=\u00bbno\u00bb text_align=\u00bbleft\u00bb background_image_as_pattern=\u00bbwithout_pattern\u00bb][vc_column][vc_empty_space][\/vc_column][\/vc_row][vc_row css_animation=\u00bb\u00bb row_type=\u00bbrow\u00bb use_row_as_full_screen_section=\u00bbno\u00bb type=\u00bbfull_width\u00bb angled_section=\u00bbno\u00bb text_align=\u00bbleft\u00bb background_image_as_pattern=\u00bbwithout_pattern\u00bb][vc_column][\/vc_column][\/vc_row][vc_row css_animation=\u00bb\u00bb row_type=\u00bbrow\u00bb use_row_as_full_screen_section=\u00bbno\u00bb type=\u00bbfull_width\u00bb angled_section=\u00bbno\u00bb text_align=\u00bbleft\u00bb background_image_as_pattern=\u00bbwithout_pattern\u00bb][vc_column][vc_empty_space][\/vc_column][\/vc_row]<\/p>\n","protected":false},"author":1,"featured_media":0,"parent":0,"menu_order":0,"comment_status":"closed","ping_status":"closed","template":"","meta":[],"yoast_head":"<!-- This site is optimized with the Yoast SEO plugin v19.10 - https:\/\/yoast.com\/wordpress\/plugins\/seo\/ -->\n<title>Antifraude - Ajuntament de Benissan\u00f3<\/title>\n<meta name=\"description\" content=\"Antifraude - Ajuntament de Benissan\u00f3\" \/>\n<meta name=\"robots\" content=\"index, follow, max-snippet:-1, max-image-preview:large, max-video-preview:-1\" \/>\n<link rel=\"canonical\" href=\"https:\/\/ajuntamentbenissano.es\/es\/antifrau\/\" \/>\n<meta property=\"og:locale\" content=\"es_ES\" \/>\n<meta property=\"og:type\" content=\"article\" \/>\n<meta property=\"og:title\" content=\"Antifraude - Ajuntament de Benissan\u00f3\" \/>\n<meta property=\"og:description\" content=\"Antifraude - Ajuntament de Benissan\u00f3\" \/>\n<meta property=\"og:url\" content=\"https:\/\/ajuntamentbenissano.es\/es\/antifrau\/\" \/>\n<meta property=\"og:site_name\" content=\"Ajuntament de Benissan\u00f3\" \/>\n<meta property=\"article:modified_time\" content=\"2024-05-26T20:22:15+00:00\" \/>\n<meta name=\"twitter:card\" content=\"summary_large_image\" \/>\n<meta name=\"twitter:label1\" content=\"Tiempo de lectura\" \/>\n\t<meta name=\"twitter:data1\" content=\"1 minuto\" \/>\n<script type=\"application\/ld+json\" class=\"yoast-schema-graph\">{\"@context\":\"https:\/\/schema.org\",\"@graph\":[{\"@type\":\"WebPage\",\"@id\":\"https:\/\/ajuntamentbenissano.es\/es\/antifrau\/\",\"url\":\"https:\/\/ajuntamentbenissano.es\/es\/antifrau\/\",\"name\":\"Antifraude - Ajuntament de Benissan\u00f3\",\"isPartOf\":{\"@id\":\"https:\/\/ajuntamentbenissano.es\/#website\"},\"datePublished\":\"2024-05-26T20:13:14+00:00\",\"dateModified\":\"2024-05-26T20:22:15+00:00\",\"description\":\"Antifraude - Ajuntament de Benissan\u00f3\",\"breadcrumb\":{\"@id\":\"https:\/\/ajuntamentbenissano.es\/es\/antifrau\/#breadcrumb\"},\"inLanguage\":\"es\",\"potentialAction\":[{\"@type\":\"ReadAction\",\"target\":[\"https:\/\/ajuntamentbenissano.es\/es\/antifrau\/\"]}]},{\"@type\":\"BreadcrumbList\",\"@id\":\"https:\/\/ajuntamentbenissano.es\/es\/antifrau\/#breadcrumb\",\"itemListElement\":[{\"@type\":\"ListItem\",\"position\":1,\"name\":\"Portada\",\"item\":\"https:\/\/ajuntamentbenissano.es\/es\/\"},{\"@type\":\"ListItem\",\"position\":2,\"name\":\"Antifraude\"}]},{\"@type\":\"WebSite\",\"@id\":\"https:\/\/ajuntamentbenissano.es\/#website\",\"url\":\"https:\/\/ajuntamentbenissano.es\/\",\"name\":\"Ajuntament de Benissan\u00f3\",\"description\":\"Benissan\u00f3, un poble amb hist\u00f2ria\",\"publisher\":{\"@id\":\"https:\/\/ajuntamentbenissano.es\/#organization\"},\"potentialAction\":[{\"@type\":\"SearchAction\",\"target\":{\"@type\":\"EntryPoint\",\"urlTemplate\":\"https:\/\/ajuntamentbenissano.es\/?s={search_term_string}\"},\"query-input\":\"required name=search_term_string\"}],\"inLanguage\":\"es\"},{\"@type\":\"Organization\",\"@id\":\"https:\/\/ajuntamentbenissano.es\/#organization\",\"name\":\"Ajuntament de Benissan\u00f3\",\"url\":\"https:\/\/ajuntamentbenissano.es\/\",\"logo\":{\"@type\":\"ImageObject\",\"inLanguage\":\"es\",\"@id\":\"https:\/\/ajuntamentbenissano.es\/#\/schema\/logo\/image\/\",\"url\":\"https:\/\/ajuntamentbenissano.ayuntamientobenisano.es\/wp-content\/uploads\/2019\/03\/Ajuntament-benissano-st.png\",\"contentUrl\":\"https:\/\/ajuntamentbenissano.ayuntamientobenisano.es\/wp-content\/uploads\/2019\/03\/Ajuntament-benissano-st.png\",\"width\":218,\"height\":90,\"caption\":\"Ajuntament de Benissan\u00f3\"},\"image\":{\"@id\":\"https:\/\/ajuntamentbenissano.es\/#\/schema\/logo\/image\/\"}}]}<\/script>\n<!-- \/ Yoast SEO plugin. -->","yoast_head_json":{"title":"Antifraude - Ajuntament de Benissan\u00f3","description":"Antifraude - Ajuntament de Benissan\u00f3","robots":{"index":"index","follow":"follow","max-snippet":"max-snippet:-1","max-image-preview":"max-image-preview:large","max-video-preview":"max-video-preview:-1"},"canonical":"https:\/\/ajuntamentbenissano.es\/es\/antifrau\/","og_locale":"es_ES","og_type":"article","og_title":"Antifraude - Ajuntament de Benissan\u00f3","og_description":"Antifraude - Ajuntament de Benissan\u00f3","og_url":"https:\/\/ajuntamentbenissano.es\/es\/antifrau\/","og_site_name":"Ajuntament de Benissan\u00f3","article_modified_time":"2024-05-26T20:22:15+00:00","twitter_card":"summary_large_image","twitter_misc":{"Tiempo de lectura":"1 minuto"},"schema":{"@context":"https:\/\/schema.org","@graph":[{"@type":"WebPage","@id":"https:\/\/ajuntamentbenissano.es\/es\/antifrau\/","url":"https:\/\/ajuntamentbenissano.es\/es\/antifrau\/","name":"Antifraude - Ajuntament de Benissan\u00f3","isPartOf":{"@id":"https:\/\/ajuntamentbenissano.es\/#website"},"datePublished":"2024-05-26T20:13:14+00:00","dateModified":"2024-05-26T20:22:15+00:00","description":"Antifraude - Ajuntament de Benissan\u00f3","breadcrumb":{"@id":"https:\/\/ajuntamentbenissano.es\/es\/antifrau\/#breadcrumb"},"inLanguage":"es","potentialAction":[{"@type":"ReadAction","target":["https:\/\/ajuntamentbenissano.es\/es\/antifrau\/"]}]},{"@type":"BreadcrumbList","@id":"https:\/\/ajuntamentbenissano.es\/es\/antifrau\/#breadcrumb","itemListElement":[{"@type":"ListItem","position":1,"name":"Portada","item":"https:\/\/ajuntamentbenissano.es\/es\/"},{"@type":"ListItem","position":2,"name":"Antifraude"}]},{"@type":"WebSite","@id":"https:\/\/ajuntamentbenissano.es\/#website","url":"https:\/\/ajuntamentbenissano.es\/","name":"Ajuntament de Benissan\u00f3","description":"Benissan\u00f3, un poble amb hist\u00f2ria","publisher":{"@id":"https:\/\/ajuntamentbenissano.es\/#organization"},"potentialAction":[{"@type":"SearchAction","target":{"@type":"EntryPoint","urlTemplate":"https:\/\/ajuntamentbenissano.es\/?s={search_term_string}"},"query-input":"required name=search_term_string"}],"inLanguage":"es"},{"@type":"Organization","@id":"https:\/\/ajuntamentbenissano.es\/#organization","name":"Ajuntament de Benissan\u00f3","url":"https:\/\/ajuntamentbenissano.es\/","logo":{"@type":"ImageObject","inLanguage":"es","@id":"https:\/\/ajuntamentbenissano.es\/#\/schema\/logo\/image\/","url":"https:\/\/ajuntamentbenissano.ayuntamientobenisano.es\/wp-content\/uploads\/2019\/03\/Ajuntament-benissano-st.png","contentUrl":"https:\/\/ajuntamentbenissano.ayuntamientobenisano.es\/wp-content\/uploads\/2019\/03\/Ajuntament-benissano-st.png","width":218,"height":90,"caption":"Ajuntament de Benissan\u00f3"},"image":{"@id":"https:\/\/ajuntamentbenissano.es\/#\/schema\/logo\/image\/"}}]}},"_links":{"self":[{"href":"https:\/\/ajuntamentbenissano.es\/es\/wp-json\/wp\/v2\/pages\/5705"}],"collection":[{"href":"https:\/\/ajuntamentbenissano.es\/es\/wp-json\/wp\/v2\/pages"}],"about":[{"href":"https:\/\/ajuntamentbenissano.es\/es\/wp-json\/wp\/v2\/types\/page"}],"author":[{"embeddable":true,"href":"https:\/\/ajuntamentbenissano.es\/es\/wp-json\/wp\/v2\/users\/1"}],"replies":[{"embeddable":true,"href":"https:\/\/ajuntamentbenissano.es\/es\/wp-json\/wp\/v2\/comments?post=5705"}],"version-history":[{"count":7,"href":"https:\/\/ajuntamentbenissano.es\/es\/wp-json\/wp\/v2\/pages\/5705\/revisions"}],"predecessor-version":[{"id":5712,"href":"https:\/\/ajuntamentbenissano.es\/es\/wp-json\/wp\/v2\/pages\/5705\/revisions\/5712"}],"wp:attachment":[{"href":"https:\/\/ajuntamentbenissano.es\/es\/wp-json\/wp\/v2\/media?parent=5705"}],"curies":[{"name":"wp","href":"https:\/\/api.w.org\/{rel}","templated":true}]}}