{"id":5547,"date":"2024-05-07T23:35:06","date_gmt":"2024-05-07T21:35:06","guid":{"rendered":"https:\/\/ajuntamentbenissano.es\/?page_id=5547"},"modified":"2024-07-10T14:50:13","modified_gmt":"2024-07-10T12:50:13","slug":"estabilizacion-agente-de-desarollo-local","status":"publish","type":"page","link":"https:\/\/ajuntamentbenissano.es\/es\/estabilizacion-agente-de-desarollo-local\/","title":{"rendered":"Estabilizaci\u00f3n Agente de Desarrollo Local"},"content":{"rendered":"<p>[vc_row css_animation=\u00bb\u00bb row_type=\u00bbrow\u00bb use_row_as_full_screen_section=\u00bbno\u00bb type=\u00bbfull_width\u00bb angled_section=\u00bbno\u00bb text_align=\u00bbleft\u00bb background_image_as_pattern=\u00bbwithout_pattern\u00bb][vc_column][vc_column_text]<\/p>\n<h1 style=\"text-align: center;\">Estabilizaci\u00f3n Agente de Desarrollo Local<\/h1>\n<p>[\/vc_column_text][vc_column_text]Proceso de estabilizaci\u00f3n de empleo temporal para la cobertura en propiedad de una plaza de Agente de Desarrollo Local por concurso.<\/p>\n<ul>\n<li><a href=\"https:\/\/ajuntamentbenissano.es\/wp-content\/uploads\/2024\/05\/Edicto-Bases-BOP-2.pdf\">Edicto Bases BOP<\/a><\/li>\n<li><a href=\"https:\/\/ajuntamentbenissano.es\/wp-content\/uploads\/2024\/05\/Edicto-Bases-DOGV-2.pdf\">Edicto Bases DOGV<\/a><\/li>\n<li><a href=\"https:\/\/ajuntamentbenissano.es\/wp-content\/uploads\/2024\/05\/Edicto-Convocatoria-BOE-2.pdf\">Edicto Convocatoria BOE<\/a><\/li>\n<li><a href=\"https:\/\/ajuntamentbenissano.es\/wp-content\/uploads\/2024\/05\/Edicto-BOP-Listado-provisional-admitidos.pdf\">Edicto BOP Listado provisional admitidos<\/a><\/li>\n<li><a href=\"https:\/\/ajuntamentbenissano.es\/wp-content\/uploads\/2024\/05\/Edicto-BOP-listado-definitivo-admitidos-y-constitucion-tribunal-1.pdf\">Edicto BOP listado definitivo admitidos y constituci\u00f3n tribunal<\/a><\/li>\n<li><a href=\"https:\/\/ajuntamentbenissano.es\/wp-content\/uploads\/2024\/05\/Estabilizacion-ADL.-Acta-puntuacion-provisional.pdf\">Estabilizaci\u00f3n ADL.- Acta puntuaci\u00f3n provisional<\/a> &#8211; Fecha publicaci\u00f3n 08\/05\/2024<\/li>\n<li><a href=\"https:\/\/ajuntamentbenissano.es\/wp-content\/uploads\/2024\/07\/Diligencia-de-secretari\u0301a-puntuaciones-definitivas.pdf\">Diligencia de secretari\u0301a puntuaciones definitivas<\/a><\/li>\n<li><a href=\"https:\/\/ajuntamentbenissano.es\/wp-content\/uploads\/2024\/07\/Edicto-BOP-requerimiento-documentacio\u0301n-3.pdf\">Edicto BOP requerimiento documentacio\u0301n<\/a><\/li>\n<\/ul>\n<p>[\/vc_column_text][\/vc_column][\/vc_row][vc_row css_animation=\u00bb\u00bb row_type=\u00bbrow\u00bb use_row_as_full_screen_section=\u00bbno\u00bb type=\u00bbfull_width\u00bb angled_section=\u00bbno\u00bb text_align=\u00bbleft\u00bb background_image_as_pattern=\u00bbwithout_pattern\u00bb][vc_column][vc_empty_space][\/vc_column][\/vc_row]<\/p>\n","protected":false},"excerpt":{"rendered":"<p>[vc_row css_animation=\u00bb\u00bb row_type=\u00bbrow\u00bb use_row_as_full_screen_section=\u00bbno\u00bb type=\u00bbfull_width\u00bb angled_section=\u00bbno\u00bb text_align=\u00bbleft\u00bb background_image_as_pattern=\u00bbwithout_pattern\u00bb][vc_column][vc_column_text] Estabilizaci\u00f3n Agente de Desarrollo Local [\/vc_column_text][vc_column_text]Proceso de estabilizaci\u00f3n de empleo temporal para la cobertura en propiedad de una plaza de Agente de Desarrollo Local por concurso. Edicto Bases BOP Edicto Bases DOGV Edicto Convocatoria BOE Edicto BOP&#8230;<\/p>\n","protected":false},"author":1,"featured_media":0,"parent":0,"menu_order":0,"comment_status":"closed","ping_status":"closed","template":"","meta":[],"yoast_head":"<!-- This site is optimized with the Yoast SEO plugin v19.10 - https:\/\/yoast.com\/wordpress\/plugins\/seo\/ -->\n<title>Estabilizaci\u00f3n Agente de Desarrollo Local - Ajuntament de Benissan\u00f3<\/title>\n<meta name=\"description\" content=\"Estabilizaci\u00f3n Agente de Desarrollo Local - Ajuntament de Benissan\u00f3\" \/>\n<meta name=\"robots\" content=\"index, follow, max-snippet:-1, max-image-preview:large, max-video-preview:-1\" \/>\n<link rel=\"canonical\" href=\"https:\/\/ajuntamentbenissano.es\/es\/estabilizacion-agente-de-desarollo-local\/\" \/>\n<meta property=\"og:locale\" content=\"es_ES\" \/>\n<meta property=\"og:type\" content=\"article\" \/>\n<meta property=\"og:title\" content=\"Estabilizaci\u00f3n Agente de Desarrollo Local - Ajuntament de Benissan\u00f3\" \/>\n<meta property=\"og:description\" content=\"Estabilizaci\u00f3n Agente de Desarrollo Local - Ajuntament de Benissan\u00f3\" \/>\n<meta property=\"og:url\" content=\"https:\/\/ajuntamentbenissano.es\/es\/estabilizacion-agente-de-desarollo-local\/\" \/>\n<meta property=\"og:site_name\" content=\"Ajuntament de Benissan\u00f3\" \/>\n<meta property=\"article:modified_time\" content=\"2024-07-10T12:50:13+00:00\" \/>\n<meta name=\"twitter:card\" content=\"summary_large_image\" \/>\n<meta name=\"twitter:label1\" content=\"Tiempo de lectura\" \/>\n\t<meta name=\"twitter:data1\" content=\"1 minuto\" \/>\n<script type=\"application\/ld+json\" class=\"yoast-schema-graph\">{\"@context\":\"https:\/\/schema.org\",\"@graph\":[{\"@type\":\"WebPage\",\"@id\":\"https:\/\/ajuntamentbenissano.es\/es\/estabilizacion-agente-de-desarollo-local\/\",\"url\":\"https:\/\/ajuntamentbenissano.es\/es\/estabilizacion-agente-de-desarollo-local\/\",\"name\":\"Estabilizaci\u00f3n Agente de Desarrollo Local - Ajuntament de Benissan\u00f3\",\"isPartOf\":{\"@id\":\"https:\/\/ajuntamentbenissano.es\/#website\"},\"datePublished\":\"2024-05-07T21:35:06+00:00\",\"dateModified\":\"2024-07-10T12:50:13+00:00\",\"description\":\"Estabilizaci\u00f3n Agente de Desarrollo Local - Ajuntament de Benissan\u00f3\",\"breadcrumb\":{\"@id\":\"https:\/\/ajuntamentbenissano.es\/es\/estabilizacion-agente-de-desarollo-local\/#breadcrumb\"},\"inLanguage\":\"es\",\"potentialAction\":[{\"@type\":\"ReadAction\",\"target\":[\"https:\/\/ajuntamentbenissano.es\/es\/estabilizacion-agente-de-desarollo-local\/\"]}]},{\"@type\":\"BreadcrumbList\",\"@id\":\"https:\/\/ajuntamentbenissano.es\/es\/estabilizacion-agente-de-desarollo-local\/#breadcrumb\",\"itemListElement\":[{\"@type\":\"ListItem\",\"position\":1,\"name\":\"Portada\",\"item\":\"https:\/\/ajuntamentbenissano.es\/es\/\"},{\"@type\":\"ListItem\",\"position\":2,\"name\":\"Estabilizaci\u00f3n Agente de Desarrollo Local\"}]},{\"@type\":\"WebSite\",\"@id\":\"https:\/\/ajuntamentbenissano.es\/#website\",\"url\":\"https:\/\/ajuntamentbenissano.es\/\",\"name\":\"Ajuntament de Benissan\u00f3\",\"description\":\"Benissan\u00f3, un poble amb hist\u00f2ria\",\"publisher\":{\"@id\":\"https:\/\/ajuntamentbenissano.es\/#organization\"},\"potentialAction\":[{\"@type\":\"SearchAction\",\"target\":{\"@type\":\"EntryPoint\",\"urlTemplate\":\"https:\/\/ajuntamentbenissano.es\/?s={search_term_string}\"},\"query-input\":\"required name=search_term_string\"}],\"inLanguage\":\"es\"},{\"@type\":\"Organization\",\"@id\":\"https:\/\/ajuntamentbenissano.es\/#organization\",\"name\":\"Ajuntament de Benissan\u00f3\",\"url\":\"https:\/\/ajuntamentbenissano.es\/\",\"logo\":{\"@type\":\"ImageObject\",\"inLanguage\":\"es\",\"@id\":\"https:\/\/ajuntamentbenissano.es\/#\/schema\/logo\/image\/\",\"url\":\"https:\/\/ajuntamentbenissano.ayuntamientobenisano.es\/wp-content\/uploads\/2019\/03\/Ajuntament-benissano-st.png\",\"contentUrl\":\"https:\/\/ajuntamentbenissano.ayuntamientobenisano.es\/wp-content\/uploads\/2019\/03\/Ajuntament-benissano-st.png\",\"width\":218,\"height\":90,\"caption\":\"Ajuntament de Benissan\u00f3\"},\"image\":{\"@id\":\"https:\/\/ajuntamentbenissano.es\/#\/schema\/logo\/image\/\"}}]}<\/script>\n<!-- \/ Yoast SEO plugin. -->","yoast_head_json":{"title":"Estabilizaci\u00f3n Agente de Desarrollo Local - Ajuntament de Benissan\u00f3","description":"Estabilizaci\u00f3n Agente de Desarrollo Local - Ajuntament de Benissan\u00f3","robots":{"index":"index","follow":"follow","max-snippet":"max-snippet:-1","max-image-preview":"max-image-preview:large","max-video-preview":"max-video-preview:-1"},"canonical":"https:\/\/ajuntamentbenissano.es\/es\/estabilizacion-agente-de-desarollo-local\/","og_locale":"es_ES","og_type":"article","og_title":"Estabilizaci\u00f3n Agente de Desarrollo Local - Ajuntament de Benissan\u00f3","og_description":"Estabilizaci\u00f3n Agente de Desarrollo Local - Ajuntament de Benissan\u00f3","og_url":"https:\/\/ajuntamentbenissano.es\/es\/estabilizacion-agente-de-desarollo-local\/","og_site_name":"Ajuntament de Benissan\u00f3","article_modified_time":"2024-07-10T12:50:13+00:00","twitter_card":"summary_large_image","twitter_misc":{"Tiempo de lectura":"1 minuto"},"schema":{"@context":"https:\/\/schema.org","@graph":[{"@type":"WebPage","@id":"https:\/\/ajuntamentbenissano.es\/es\/estabilizacion-agente-de-desarollo-local\/","url":"https:\/\/ajuntamentbenissano.es\/es\/estabilizacion-agente-de-desarollo-local\/","name":"Estabilizaci\u00f3n Agente de Desarrollo Local - Ajuntament de Benissan\u00f3","isPartOf":{"@id":"https:\/\/ajuntamentbenissano.es\/#website"},"datePublished":"2024-05-07T21:35:06+00:00","dateModified":"2024-07-10T12:50:13+00:00","description":"Estabilizaci\u00f3n Agente de Desarrollo Local - Ajuntament de Benissan\u00f3","breadcrumb":{"@id":"https:\/\/ajuntamentbenissano.es\/es\/estabilizacion-agente-de-desarollo-local\/#breadcrumb"},"inLanguage":"es","potentialAction":[{"@type":"ReadAction","target":["https:\/\/ajuntamentbenissano.es\/es\/estabilizacion-agente-de-desarollo-local\/"]}]},{"@type":"BreadcrumbList","@id":"https:\/\/ajuntamentbenissano.es\/es\/estabilizacion-agente-de-desarollo-local\/#breadcrumb","itemListElement":[{"@type":"ListItem","position":1,"name":"Portada","item":"https:\/\/ajuntamentbenissano.es\/es\/"},{"@type":"ListItem","position":2,"name":"Estabilizaci\u00f3n Agente de Desarrollo Local"}]},{"@type":"WebSite","@id":"https:\/\/ajuntamentbenissano.es\/#website","url":"https:\/\/ajuntamentbenissano.es\/","name":"Ajuntament de Benissan\u00f3","description":"Benissan\u00f3, un poble amb hist\u00f2ria","publisher":{"@id":"https:\/\/ajuntamentbenissano.es\/#organization"},"potentialAction":[{"@type":"SearchAction","target":{"@type":"EntryPoint","urlTemplate":"https:\/\/ajuntamentbenissano.es\/?s={search_term_string}"},"query-input":"required name=search_term_string"}],"inLanguage":"es"},{"@type":"Organization","@id":"https:\/\/ajuntamentbenissano.es\/#organization","name":"Ajuntament de Benissan\u00f3","url":"https:\/\/ajuntamentbenissano.es\/","logo":{"@type":"ImageObject","inLanguage":"es","@id":"https:\/\/ajuntamentbenissano.es\/#\/schema\/logo\/image\/","url":"https:\/\/ajuntamentbenissano.ayuntamientobenisano.es\/wp-content\/uploads\/2019\/03\/Ajuntament-benissano-st.png","contentUrl":"https:\/\/ajuntamentbenissano.ayuntamientobenisano.es\/wp-content\/uploads\/2019\/03\/Ajuntament-benissano-st.png","width":218,"height":90,"caption":"Ajuntament de Benissan\u00f3"},"image":{"@id":"https:\/\/ajuntamentbenissano.es\/#\/schema\/logo\/image\/"}}]}},"_links":{"self":[{"href":"https:\/\/ajuntamentbenissano.es\/es\/wp-json\/wp\/v2\/pages\/5547"}],"collection":[{"href":"https:\/\/ajuntamentbenissano.es\/es\/wp-json\/wp\/v2\/pages"}],"about":[{"href":"https:\/\/ajuntamentbenissano.es\/es\/wp-json\/wp\/v2\/types\/page"}],"author":[{"embeddable":true,"href":"https:\/\/ajuntamentbenissano.es\/es\/wp-json\/wp\/v2\/users\/1"}],"replies":[{"embeddable":true,"href":"https:\/\/ajuntamentbenissano.es\/es\/wp-json\/wp\/v2\/comments?post=5547"}],"version-history":[{"count":4,"href":"https:\/\/ajuntamentbenissano.es\/es\/wp-json\/wp\/v2\/pages\/5547\/revisions"}],"predecessor-version":[{"id":5745,"href":"https:\/\/ajuntamentbenissano.es\/es\/wp-json\/wp\/v2\/pages\/5547\/revisions\/5745"}],"wp:attachment":[{"href":"https:\/\/ajuntamentbenissano.es\/es\/wp-json\/wp\/v2\/media?parent=5547"}],"curies":[{"name":"wp","href":"https:\/\/api.w.org\/{rel}","templated":true}]}}