{"id":5539,"date":"2024-05-07T23:27:59","date_gmt":"2024-05-07T21:27:59","guid":{"rendered":"https:\/\/ajuntamentbenissano.es\/?page_id=5539"},"modified":"2024-07-10T14:54:56","modified_gmt":"2024-07-10T12:54:56","slug":"estabilizacion-ingeniero-a-tecnico-a","status":"publish","type":"page","link":"https:\/\/ajuntamentbenissano.es\/es\/estabilizacion-ingeniero-a-tecnico-a\/","title":{"rendered":"Estabilizaci\u00f3n Ingeniero\/a T\u00e9cnico\/a"},"content":{"rendered":"<p>[vc_row css_animation=\u00bb\u00bb row_type=\u00bbrow\u00bb use_row_as_full_screen_section=\u00bbno\u00bb type=\u00bbfull_width\u00bb angled_section=\u00bbno\u00bb text_align=\u00bbleft\u00bb background_image_as_pattern=\u00bbwithout_pattern\u00bb][vc_column][vc_column_text]<\/p>\n<h1 style=\"text-align: center;\">Estabilizaci\u00f3n Ingeniero\/a T\u00e9cnico\/a<\/h1>\n<p>[\/vc_column_text][vc_column_text]Proceso de estabilizaci\u00f3n de empleo temporal para la cobertura en propiedad de una plaza de ingeniero\/a t\u00e9cnico\/a industrial por concurso.<\/p>\n<ul>\n<li><a href=\"https:\/\/ajuntamentbenissano.es\/wp-content\/uploads\/2024\/05\/Edicto-Bases-BOP-1.pdf\">Edicto Bases BOP<\/a><\/li>\n<li><a href=\"https:\/\/ajuntamentbenissano.es\/wp-content\/uploads\/2024\/05\/Edicto-Bases-DOGV-1.pdf\">Edicto Bases DOGV<\/a><\/li>\n<li><a href=\"https:\/\/ajuntamentbenissano.es\/wp-content\/uploads\/2024\/05\/Edicto-BOP-listado-definitivo-admitidos-y-constitucion-tribunal.pdf\">Edicto BOP listado definitivo admitidos y constituci\u00f3n tribunal<\/a><\/li>\n<li><a href=\"https:\/\/ajuntamentbenissano.es\/wp-content\/uploads\/2024\/05\/Edicto-BOP-listado-provisional-admitidos.pdf\">Edicto BOP listado provisional admitidos<\/a><\/li>\n<li><a href=\"https:\/\/ajuntamentbenissano.es\/wp-content\/uploads\/2024\/05\/Edicto-Convocatoria-BOE-1.pdf\">Edicto Convocatoria BOE<\/a><\/li>\n<li><a href=\"https:\/\/ajuntamentbenissano.es\/wp-content\/uploads\/2024\/05\/Estabilizacion-Ingeniero_a-Tecnico_a.-Acta-puntuacion-provisional.pdf\">Estabilizaci\u00f3n Ingeniero_a T\u00e9cnico_a.- Acta puntuaci\u00f3n provisional<\/a> &#8211; Fecha publicaci\u00f3n 08\/05\/2024<\/li>\n<li><a href=\"https:\/\/ajuntamentbenissano.es\/wp-content\/uploads\/2024\/07\/Diligencia-de-Secretari\u0301a-puntuaciones-definitivas.pdf\">Diligencia de Secretari\u0301a puntuaciones definitivas<\/a><\/li>\n<li><a href=\"https:\/\/ajuntamentbenissano.es\/wp-content\/uploads\/2024\/07\/Edicto-BOP-requerimiento-documentacio\u0301n.pdf\">Edicto BOP requerimiento documentacio\u0301n<\/a><\/li>\n<\/ul>\n<p>[\/vc_column_text][\/vc_column][\/vc_row][vc_row css_animation=\u00bb\u00bb row_type=\u00bbrow\u00bb use_row_as_full_screen_section=\u00bbno\u00bb type=\u00bbfull_width\u00bb angled_section=\u00bbno\u00bb text_align=\u00bbleft\u00bb background_image_as_pattern=\u00bbwithout_pattern\u00bb][vc_column][vc_empty_space][\/vc_column][\/vc_row]<\/p>\n","protected":false},"excerpt":{"rendered":"<p>[vc_row css_animation=\u00bb\u00bb row_type=\u00bbrow\u00bb use_row_as_full_screen_section=\u00bbno\u00bb type=\u00bbfull_width\u00bb angled_section=\u00bbno\u00bb text_align=\u00bbleft\u00bb background_image_as_pattern=\u00bbwithout_pattern\u00bb][vc_column][vc_column_text] Estabilizaci\u00f3n Ingeniero\/a T\u00e9cnico\/a [\/vc_column_text][vc_column_text]Proceso de estabilizaci\u00f3n de empleo temporal para la cobertura en propiedad de una plaza de ingeniero\/a t\u00e9cnico\/a industrial por concurso. Edicto Bases BOP Edicto Bases DOGV Edicto BOP listado definitivo admitidos y constituci\u00f3n tribunal&#8230;<\/p>\n","protected":false},"author":1,"featured_media":0,"parent":0,"menu_order":0,"comment_status":"closed","ping_status":"closed","template":"","meta":[],"yoast_head":"<!-- This site is optimized with the Yoast SEO plugin v19.10 - https:\/\/yoast.com\/wordpress\/plugins\/seo\/ -->\n<title>Estabilizaci\u00f3n Ingeniero\/a T\u00e9cnico\/a - Ajuntament de Benissan\u00f3<\/title>\n<meta name=\"description\" content=\"Estabilizaci\u00f3n Ingeniero\/a T\u00e9cnico\/a - Ajuntament de Benissan\u00f3\" \/>\n<meta name=\"robots\" content=\"index, follow, max-snippet:-1, max-image-preview:large, max-video-preview:-1\" \/>\n<link rel=\"canonical\" href=\"https:\/\/ajuntamentbenissano.es\/es\/estabilizacion-ingeniero-a-tecnico-a\/\" \/>\n<meta property=\"og:locale\" content=\"es_ES\" \/>\n<meta property=\"og:type\" content=\"article\" \/>\n<meta property=\"og:title\" content=\"Estabilizaci\u00f3n Ingeniero\/a T\u00e9cnico\/a - Ajuntament de Benissan\u00f3\" \/>\n<meta property=\"og:description\" content=\"Estabilizaci\u00f3n Ingeniero\/a T\u00e9cnico\/a - Ajuntament de Benissan\u00f3\" \/>\n<meta property=\"og:url\" content=\"https:\/\/ajuntamentbenissano.es\/es\/estabilizacion-ingeniero-a-tecnico-a\/\" \/>\n<meta property=\"og:site_name\" content=\"Ajuntament de Benissan\u00f3\" \/>\n<meta property=\"article:modified_time\" content=\"2024-07-10T12:54:56+00:00\" \/>\n<meta name=\"twitter:card\" content=\"summary_large_image\" \/>\n<meta name=\"twitter:label1\" content=\"Tiempo de lectura\" \/>\n\t<meta name=\"twitter:data1\" content=\"1 minuto\" \/>\n<script type=\"application\/ld+json\" class=\"yoast-schema-graph\">{\"@context\":\"https:\/\/schema.org\",\"@graph\":[{\"@type\":\"WebPage\",\"@id\":\"https:\/\/ajuntamentbenissano.es\/es\/estabilizacion-ingeniero-a-tecnico-a\/\",\"url\":\"https:\/\/ajuntamentbenissano.es\/es\/estabilizacion-ingeniero-a-tecnico-a\/\",\"name\":\"Estabilizaci\u00f3n Ingeniero\/a T\u00e9cnico\/a - Ajuntament de Benissan\u00f3\",\"isPartOf\":{\"@id\":\"https:\/\/ajuntamentbenissano.es\/#website\"},\"datePublished\":\"2024-05-07T21:27:59+00:00\",\"dateModified\":\"2024-07-10T12:54:56+00:00\",\"description\":\"Estabilizaci\u00f3n Ingeniero\/a T\u00e9cnico\/a - Ajuntament de Benissan\u00f3\",\"breadcrumb\":{\"@id\":\"https:\/\/ajuntamentbenissano.es\/es\/estabilizacion-ingeniero-a-tecnico-a\/#breadcrumb\"},\"inLanguage\":\"es\",\"potentialAction\":[{\"@type\":\"ReadAction\",\"target\":[\"https:\/\/ajuntamentbenissano.es\/es\/estabilizacion-ingeniero-a-tecnico-a\/\"]}]},{\"@type\":\"BreadcrumbList\",\"@id\":\"https:\/\/ajuntamentbenissano.es\/es\/estabilizacion-ingeniero-a-tecnico-a\/#breadcrumb\",\"itemListElement\":[{\"@type\":\"ListItem\",\"position\":1,\"name\":\"Portada\",\"item\":\"https:\/\/ajuntamentbenissano.es\/es\/\"},{\"@type\":\"ListItem\",\"position\":2,\"name\":\"Estabilizaci\u00f3n Ingeniero\/a T\u00e9cnico\/a\"}]},{\"@type\":\"WebSite\",\"@id\":\"https:\/\/ajuntamentbenissano.es\/#website\",\"url\":\"https:\/\/ajuntamentbenissano.es\/\",\"name\":\"Ajuntament de Benissan\u00f3\",\"description\":\"Benissan\u00f3, un poble amb hist\u00f2ria\",\"publisher\":{\"@id\":\"https:\/\/ajuntamentbenissano.es\/#organization\"},\"potentialAction\":[{\"@type\":\"SearchAction\",\"target\":{\"@type\":\"EntryPoint\",\"urlTemplate\":\"https:\/\/ajuntamentbenissano.es\/?s={search_term_string}\"},\"query-input\":\"required name=search_term_string\"}],\"inLanguage\":\"es\"},{\"@type\":\"Organization\",\"@id\":\"https:\/\/ajuntamentbenissano.es\/#organization\",\"name\":\"Ajuntament de Benissan\u00f3\",\"url\":\"https:\/\/ajuntamentbenissano.es\/\",\"logo\":{\"@type\":\"ImageObject\",\"inLanguage\":\"es\",\"@id\":\"https:\/\/ajuntamentbenissano.es\/#\/schema\/logo\/image\/\",\"url\":\"https:\/\/ajuntamentbenissano.ayuntamientobenisano.es\/wp-content\/uploads\/2019\/03\/Ajuntament-benissano-st.png\",\"contentUrl\":\"https:\/\/ajuntamentbenissano.ayuntamientobenisano.es\/wp-content\/uploads\/2019\/03\/Ajuntament-benissano-st.png\",\"width\":218,\"height\":90,\"caption\":\"Ajuntament de Benissan\u00f3\"},\"image\":{\"@id\":\"https:\/\/ajuntamentbenissano.es\/#\/schema\/logo\/image\/\"}}]}<\/script>\n<!-- \/ Yoast SEO plugin. -->","yoast_head_json":{"title":"Estabilizaci\u00f3n Ingeniero\/a T\u00e9cnico\/a - Ajuntament de Benissan\u00f3","description":"Estabilizaci\u00f3n Ingeniero\/a T\u00e9cnico\/a - Ajuntament de Benissan\u00f3","robots":{"index":"index","follow":"follow","max-snippet":"max-snippet:-1","max-image-preview":"max-image-preview:large","max-video-preview":"max-video-preview:-1"},"canonical":"https:\/\/ajuntamentbenissano.es\/es\/estabilizacion-ingeniero-a-tecnico-a\/","og_locale":"es_ES","og_type":"article","og_title":"Estabilizaci\u00f3n Ingeniero\/a T\u00e9cnico\/a - Ajuntament de Benissan\u00f3","og_description":"Estabilizaci\u00f3n Ingeniero\/a T\u00e9cnico\/a - Ajuntament de Benissan\u00f3","og_url":"https:\/\/ajuntamentbenissano.es\/es\/estabilizacion-ingeniero-a-tecnico-a\/","og_site_name":"Ajuntament de Benissan\u00f3","article_modified_time":"2024-07-10T12:54:56+00:00","twitter_card":"summary_large_image","twitter_misc":{"Tiempo de lectura":"1 minuto"},"schema":{"@context":"https:\/\/schema.org","@graph":[{"@type":"WebPage","@id":"https:\/\/ajuntamentbenissano.es\/es\/estabilizacion-ingeniero-a-tecnico-a\/","url":"https:\/\/ajuntamentbenissano.es\/es\/estabilizacion-ingeniero-a-tecnico-a\/","name":"Estabilizaci\u00f3n Ingeniero\/a T\u00e9cnico\/a - Ajuntament de Benissan\u00f3","isPartOf":{"@id":"https:\/\/ajuntamentbenissano.es\/#website"},"datePublished":"2024-05-07T21:27:59+00:00","dateModified":"2024-07-10T12:54:56+00:00","description":"Estabilizaci\u00f3n Ingeniero\/a T\u00e9cnico\/a - Ajuntament de Benissan\u00f3","breadcrumb":{"@id":"https:\/\/ajuntamentbenissano.es\/es\/estabilizacion-ingeniero-a-tecnico-a\/#breadcrumb"},"inLanguage":"es","potentialAction":[{"@type":"ReadAction","target":["https:\/\/ajuntamentbenissano.es\/es\/estabilizacion-ingeniero-a-tecnico-a\/"]}]},{"@type":"BreadcrumbList","@id":"https:\/\/ajuntamentbenissano.es\/es\/estabilizacion-ingeniero-a-tecnico-a\/#breadcrumb","itemListElement":[{"@type":"ListItem","position":1,"name":"Portada","item":"https:\/\/ajuntamentbenissano.es\/es\/"},{"@type":"ListItem","position":2,"name":"Estabilizaci\u00f3n Ingeniero\/a T\u00e9cnico\/a"}]},{"@type":"WebSite","@id":"https:\/\/ajuntamentbenissano.es\/#website","url":"https:\/\/ajuntamentbenissano.es\/","name":"Ajuntament de Benissan\u00f3","description":"Benissan\u00f3, un poble amb hist\u00f2ria","publisher":{"@id":"https:\/\/ajuntamentbenissano.es\/#organization"},"potentialAction":[{"@type":"SearchAction","target":{"@type":"EntryPoint","urlTemplate":"https:\/\/ajuntamentbenissano.es\/?s={search_term_string}"},"query-input":"required name=search_term_string"}],"inLanguage":"es"},{"@type":"Organization","@id":"https:\/\/ajuntamentbenissano.es\/#organization","name":"Ajuntament de Benissan\u00f3","url":"https:\/\/ajuntamentbenissano.es\/","logo":{"@type":"ImageObject","inLanguage":"es","@id":"https:\/\/ajuntamentbenissano.es\/#\/schema\/logo\/image\/","url":"https:\/\/ajuntamentbenissano.ayuntamientobenisano.es\/wp-content\/uploads\/2019\/03\/Ajuntament-benissano-st.png","contentUrl":"https:\/\/ajuntamentbenissano.ayuntamientobenisano.es\/wp-content\/uploads\/2019\/03\/Ajuntament-benissano-st.png","width":218,"height":90,"caption":"Ajuntament de Benissan\u00f3"},"image":{"@id":"https:\/\/ajuntamentbenissano.es\/#\/schema\/logo\/image\/"}}]}},"_links":{"self":[{"href":"https:\/\/ajuntamentbenissano.es\/es\/wp-json\/wp\/v2\/pages\/5539"}],"collection":[{"href":"https:\/\/ajuntamentbenissano.es\/es\/wp-json\/wp\/v2\/pages"}],"about":[{"href":"https:\/\/ajuntamentbenissano.es\/es\/wp-json\/wp\/v2\/types\/page"}],"author":[{"embeddable":true,"href":"https:\/\/ajuntamentbenissano.es\/es\/wp-json\/wp\/v2\/users\/1"}],"replies":[{"embeddable":true,"href":"https:\/\/ajuntamentbenissano.es\/es\/wp-json\/wp\/v2\/comments?post=5539"}],"version-history":[{"count":7,"href":"https:\/\/ajuntamentbenissano.es\/es\/wp-json\/wp\/v2\/pages\/5539\/revisions"}],"predecessor-version":[{"id":5761,"href":"https:\/\/ajuntamentbenissano.es\/es\/wp-json\/wp\/v2\/pages\/5539\/revisions\/5761"}],"wp:attachment":[{"href":"https:\/\/ajuntamentbenissano.es\/es\/wp-json\/wp\/v2\/media?parent=5539"}],"curies":[{"name":"wp","href":"https:\/\/api.w.org\/{rel}","templated":true}]}}