{"id":2,"date":"2019-02-26T22:29:01","date_gmt":"2019-02-26T21:29:01","guid":{"rendered":"https:\/\/www.ajuntamentbenissano.es\/?page_id=2"},"modified":"2020-05-27T18:35:11","modified_gmt":"2020-05-27T16:35:11","slug":"escuela-infantil-municipal","status":"publish","type":"page","link":"https:\/\/ajuntamentbenissano.es\/es\/ayuntamiento\/escuela-infantil-municipal\/","title":{"rendered":"Escuela infantil municipal"},"content":{"rendered":"<p>[vc_row css_animation=\u00bb\u00bb row_type=\u00bbrow\u00bb use_row_as_full_screen_section=\u00bbno\u00bb type=\u00bbfull_width\u00bb angled_section=\u00bbno\u00bb text_align=\u00bbcenter\u00bb background_image_as_pattern=\u00bbwithout_pattern\u00bb css=\u00bb.vc_custom_1555235283744{margin-top: 0px !important;margin-right: 0px !important;margin-bottom: 0px !important;margin-left: 0px !important;padding-top: 0px !important;padding-right: 0px !important;padding-bottom: 0px !important;padding-left: 0px !important;}\u00bb z_index=\u00bb\u00bb][vc_column css=\u00bb.vc_custom_1555235710794{margin-top: 0px !important;margin-right: 0px !important;margin-bottom: 0px !important;margin-left: 0px !important;padding-top: 0px !important;padding-right: 0px !important;padding-bottom: 0px !important;padding-left: 0px !important;}\u00bb offset=\u00bbvc_hidden-sm vc_hidden-xs\u00bb][vc_row_inner row_type=\u00bbrow\u00bb use_as_box=\u00bbuse_row_as_box\u00bb type=\u00bbgrid\u00bb text_align=\u00bbcenter\u00bb css_animation=\u00bb\u00bb css=\u00bb.vc_custom_1551903466347{background-position: 0 0 !important;background-repeat: no-repeat !important;}\u00bb el_class=\u00bbpage_link\u00bb][vc_column_inner el_class=\u00bbhomebanner\u00bb width=\u00bb1\/4&#8243; css=\u00bb.vc_custom_1555007965007{margin-bottom: 15px !important;padding-right: 25px !important;padding-left: 25px !important;}\u00bb offset=\u00bbvc_hidden-sm vc_hidden-xs\u00bb][qode_elements_holder number_of_columns=\u00bbone_column\u00bb alignment_one_column=\u00bbcenter\u00bb][qode_elements_holder_item background_color=\u00bb#a60f38&#8243; vertical_alignment=\u00bbbottom\u00bb horizontal_alignment=\u00bbcenter\u00bb advanced_animations=\u00bbno\u00bb][vc_single_image image=\u00bb359&#8243; img_size=\u00bb75&#215;75&#8243; alignment=\u00bbcenter\u00bb onclick=\u00bbcustom_link\u00bb qode_css_animation=\u00bb\u00bb link=\u00bb\/ayuntamiento\/\u00bb css=\u00bb.vc_custom_1553712804053{margin-top: 20px !important;}\u00bb][vc_column_text css=\u00bb.vc_custom_1555240424612{margin-top: 5px !important;margin-bottom: 0px !important;}\u00bb]<\/p>\r\n<h3 class=\"homebannertit\"><a class=\"homebannertit\" href=\"https:\/\/ajuntamentbenissano.ayuntamientobenisano.es\/ayuntamiento\/\"><br \/>Ayuntamiento<\/a><\/h3>\r\n<p>[\/vc_column_text][\/qode_elements_holder_item][\/qode_elements_holder][\/vc_column_inner][vc_column_inner el_class=\u00bbhomebanner\u00bb width=\u00bb1\/4&#8243; css=\u00bb.vc_custom_1555007974782{margin-bottom: 15px !important;padding-right: 25px !important;padding-left: 25px !important;}\u00bb offset=\u00bbvc_hidden-sm vc_hidden-xs\u00bb][qode_elements_holder number_of_columns=\u00bbone_column\u00bb][qode_elements_holder_item background_color=\u00bb#a60f38&#8243; vertical_alignment=\u00bbbottom\u00bb horizontal_alignment=\u00bbcenter\u00bb advanced_animations=\u00bbno\u00bb][vc_single_image image=\u00bb361&#8243; img_size=\u00bb75&#215;75&#8243; alignment=\u00bbcenter\u00bb onclick=\u00bbcustom_link\u00bb qode_css_animation=\u00bb\u00bb link=\u00bb\/sede-electronica\/\u00bb css=\u00bb.vc_custom_1553712876004{margin-top: 20px !important;}\u00bb][vc_column_text css=\u00bb.vc_custom_1555240534140{margin-top: 5px !important;margin-bottom: 0px !important;}\u00bb]<\/p>\r\n<h3 class=\"homebannertit\"><a class=\"homebannertit\" href=\"http:\/\/ajuntamentbenissano.sedelectronica.es\/\">Sede<br \/>electr\u00f3nica<\/a><\/h3>\r\n<p>[\/vc_column_text][\/qode_elements_holder_item][\/qode_elements_holder][\/vc_column_inner][vc_column_inner el_class=\u00bbhomebanner\u00bb width=\u00bb1\/4&#8243; css=\u00bb.vc_custom_1555007986459{margin-bottom: 15px !important;padding-right: 25px !important;padding-left: 25px !important;}\u00bb offset=\u00bbvc_hidden-sm vc_hidden-xs\u00bb][qode_elements_holder number_of_columns=\u00bbone_column\u00bb][qode_elements_holder_item background_color=\u00bb#a60f38&#8243; vertical_alignment=\u00bbbottom\u00bb horizontal_alignment=\u00bbcenter\u00bb advanced_animations=\u00bbno\u00bb][vc_single_image image=\u00bb360&#8243; img_size=\u00bb75&#215;75&#8243; alignment=\u00bbcenter\u00bb onclick=\u00bbcustom_link\u00bb qode_css_animation=\u00bb\u00bb link=\u00bb\/municipio\/\u00bb css=\u00bb.vc_custom_1553712938892{margin-top: 20px !important;}\u00bb][vc_column_text css=\u00bb.vc_custom_1555240573537{margin-top: 5px !important;margin-bottom: 0px !important;}\u00bb]<\/p>\r\n<h3 class=\"homebannertit\"><a class=\"homebannertit\" href=\"https:\/\/ajuntamentbenissano.ayuntamientobenisano.es\/municipio\/\"><br \/>Municipio<\/a><\/h3>\r\n<p>[\/vc_column_text][\/qode_elements_holder_item][\/qode_elements_holder][\/vc_column_inner][vc_column_inner el_class=\u00bbhomebanner\u00bb width=\u00bb1\/4&#8243; css=\u00bb.vc_custom_1555007993986{margin-bottom: 15px !important;padding-right: 25px !important;padding-left: 25px !important;}\u00bb offset=\u00bbvc_hidden-sm vc_hidden-xs\u00bb][qode_elements_holder number_of_columns=\u00bbone_column\u00bb][qode_elements_holder_item background_color=\u00bb#a60f38&#8243; vertical_alignment=\u00bbbottom\u00bb horizontal_alignment=\u00bbcenter\u00bb advanced_animations=\u00bbno\u00bb][vc_single_image image=\u00bb362&#8243; img_size=\u00bb75&#215;75&#8243; alignment=\u00bbcenter\u00bb onclick=\u00bbcustom_link\u00bb qode_css_animation=\u00bb\u00bb link=\u00bb#\u00bb css=\u00bb.vc_custom_1552334194445{margin-top: 20px !important;}\u00bb][vc_column_text css=\u00bb.vc_custom_1555240602460{margin-top: 5px !important;margin-bottom: 0px !important;}\u00bb]<\/p>\r\n<h3 class=\"homebannertit\"><a class=\"homebannertit\" href=\"https:\/\/ajuntamentbenissano.ayuntamientobenisano.es\/portal-de-transparencia\/\">Portal de<br \/>transparencia<\/a><\/h3>\r\n<p>[\/vc_column_text][\/qode_elements_holder_item][\/qode_elements_holder][\/vc_column_inner][\/vc_row_inner][vc_separator type=\u00bbtransparent\u00bb up=\u00bb15&#8243; down=\u00bb15&#8243;][\/vc_column][\/vc_row][vc_row css_animation=\u00bb\u00bb row_type=\u00bbrow\u00bb use_row_as_full_screen_section=\u00bbno\u00bb type=\u00bbfull_width\u00bb angled_section=\u00bbno\u00bb text_align=\u00bbleft\u00bb background_image_as_pattern=\u00bbwithout_pattern\u00bb z_index=\u00bb\u00bb][vc_column][vc_column_text]<\/p>\r\n<h3>\u00a1\u00a1\u00a1 MAM\u00c1S Y PAP\u00c1S VENIR A CONOCER NUESTRO PROYECTO EDUCATIVO, NUESTRAS INSTALACIONES Y A NUESTRAS PROFESORAS, OS QUEDAR\u00c9IS ENCANTADOS !!!<\/h3>\r\n<p>[\/vc_column_text][vc_separator type=\u00bbtransparent\u00bb up=\u00bb15&#8243; down=\u00bb15&#8243;][vc_column_text]<\/p>\r\n<p>Estimada familias, nos dirigimos a vosotros como posibles usuarios de la Escuela Infantil Municipal de Benissan\u00f3.<\/p>\r\n<p>[\/vc_column_text][vc_column_text]<\/p>\r\n<p>&nbsp;<\/p>\r\n<p>Abierta desde 1998, la escuela naci\u00f3 con la intenci\u00f3n de dotar al pueblo de una buena opci\u00f3n educativa y cuidado\u00a0 para los m\u00e1s peque\u00f1os y estamos orgullosos de siga siendo hasta hoy.<\/p>\r\n<p>&nbsp;<\/p>\r\n<p><img loading=\"lazy\" class=\"size-medium wp-image-521 alignleft\" src=\"https:\/\/ajuntamentbenissano.ayuntamientobenisano.es\/wp-content\/uploads\/2019\/03\/escoleta-infantil-municipal-2-294x300.jpg\" alt=\"\" width=\"294\" height=\"300\" srcset=\"https:\/\/ajuntamentbenissano.es\/wp-content\/uploads\/2019\/03\/escoleta-infantil-municipal-2-294x300.jpg 294w, https:\/\/ajuntamentbenissano.es\/wp-content\/uploads\/2019\/03\/escoleta-infantil-municipal-2-768x785.jpg 768w, https:\/\/ajuntamentbenissano.es\/wp-content\/uploads\/2019\/03\/escoleta-infantil-municipal-2-700x715.jpg 700w, https:\/\/ajuntamentbenissano.es\/wp-content\/uploads\/2019\/03\/escoleta-infantil-municipal-2.jpg 775w\" sizes=\"(max-width: 294px) 100vw, 294px\" \/>Durante estos a\u00f1os se ha ido creciendo con todos y cada uno de los ni\u00f1os y ni\u00f1as a los que se ha\u00a0 acompa\u00f1ado en su camino hacia el \u201ccole de mayores\u201d, y estamos felices de saber que cada familia que ha participado de nuestro proyecto,\u00a0 guarda un cari\u00f1oso lugar en el recuerdo de la infancia de sus hijos.<\/p>\r\n<p>&nbsp;<\/p>\r\n\r\n<p>Conocedores de la importancia que es para los padres saber que sus hijos se encuentran en las mejores manos, os informamos que el personal de que dispone el centro est\u00e1 totalmente cualificado de acuerdo con la normativa vigente.\u00a0 Estamos orgullosos de proporcionar este servicio, el cual pensamos que es fundamental para la incorporaci\u00f3n de la mujer a su puesto de trabajo,\u00a0 con el fin de poder conciliar la vida familiar y laboral, por lo que la escuela dispone adem\u00e1s del servicio de comedor y escoleta matinera.\u00a0 Apostamos por que vuestros hijos tengan la educaci\u00f3n adecuada basada en el respeto y el cari\u00f1o que se merecen.<\/p>\r\n<p>&nbsp;<\/p>\r\n\r\n<p>Esperamos contar\u00a0 con vuestra confianza\u00a0 y ser una alternativa que os proporcione la seguridad de que hab\u00e9is elegido el lugar adecuado para vuestros hijos.<\/p>\r\n<p>&nbsp;<\/p>\r\n\r\n<p>Pod\u00e9is seguirnos en facebook\u00a0<a href=\"https:\/\/www.facebook.com\/profile.php?id=100009487672638&amp;fref=ts\" target=\"_blank\" rel=\"noreferrer noopener\">FACEBOOK Escoleta<\/a><\/p>\r\n\r\n<p>[\/vc_column_text][vc_separator type=\u00bbtransparent\u00bb down=\u00bb15&#8243;][\/vc_column][\/vc_row][vc_row css_animation=\u00bb\u00bb row_type=\u00bbrow\u00bb use_row_as_full_screen_section=\u00bbno\u00bb type=\u00bbfull_width\u00bb angled_section=\u00bbno\u00bb text_align=\u00bbleft\u00bb background_image_as_pattern=\u00bbwithout_pattern\u00bb][vc_column width=\u00bb1\/4&#8243;][\/vc_column][vc_column width=\u00bb1\/4&#8243;]<div class='q_icon_with_title small normal_icon left_from_title '><div class=\"icon_text_holder\" style=\"\"><div class=\"icon_text_inner\" style=\"\"><div class=\"icon_title_holder\"><div class=\"icon_holder \" style=\" \"><span data-icon-type=\"normal\"   style=\"\" class=\"qode_iwt_icon_holder q_font_awsome_icon fa-2x  \"><i class=\"qode_icon_font_awesome fa fa-phone qode_iwt_icon_element\" style=\"\" ><\/i><\/span><\/div><h5 class=\"icon_title\" style=\"\">961 815 108<\/h5><\/div><p style=''><\/p><\/div><\/div><\/div>[\/vc_column][vc_column width=\u00bb1\/4&#8243;]<div class='q_icon_with_title small normal_icon left_from_title '><div class=\"icon_text_holder\" style=\"\"><div class=\"icon_text_inner\" style=\"\"><div class=\"icon_title_holder\"><div class=\"icon_holder \" style=\" \"><span data-icon-type=\"normal\"   style=\"\" class=\"qode_iwt_icon_holder q_font_awsome_icon fa-2x  \"><i class=\"qode_icon_font_awesome fa fa-mobile qode_iwt_icon_element\" style=\"\" ><\/i><\/span><\/div><h5 class=\"icon_title\" style=\"\">679 386 443<\/h5><\/div><p style=''><\/p><\/div><\/div><\/div>[\/vc_column][vc_column width=\u00bb1\/4&#8243;][\/vc_column][\/vc_row][vc_row css_animation=\u00bb\u00bb row_type=\u00bbrow\u00bb use_row_as_full_screen_section=\u00bbno\u00bb type=\u00bbfull_width\u00bb angled_section=\u00bbno\u00bb text_align=\u00bbleft\u00bb background_image_as_pattern=\u00bbwithout_pattern\u00bb][vc_column][vc_separator type=\u00bbtransparent\u00bb down=\u00bb15&#8243;][\/vc_column][\/vc_row]<\/p>","protected":false},"excerpt":{"rendered":"<p>[vc_row css_animation=\u00bb\u00bb row_type=\u00bbrow\u00bb use_row_as_full_screen_section=\u00bbno\u00bb type=\u00bbfull_width\u00bb angled_section=\u00bbno\u00bb text_align=\u00bbcenter\u00bb background_image_as_pattern=\u00bbwithout_pattern\u00bb css=\u00bb.vc_custom_1555235283744{margin-top: 0px !important;margin-right: 0px !important;margin-bottom: 0px !important;margin-left: 0px !important;padding-top: 0px !important;padding-right: 0px !important;padding-bottom: 0px !important;padding-left: 0px !important;}\u00bb z_index=\u00bb\u00bb][vc_column css=\u00bb.vc_custom_1555235710794{margin-top: 0px !important;margin-right: 0px !important;margin-bottom: 0px !important;margin-left: 0px !important;padding-top: 0px !important;padding-right: 0px !important;padding-bottom: 0px !important;padding-left: 0px !important;}\u00bb offset=\u00bbvc_hidden-sm vc_hidden-xs\u00bb][vc_row_inner&#8230;<\/p>\n","protected":false},"author":1,"featured_media":522,"parent":120,"menu_order":2,"comment_status":"closed","ping_status":"closed","template":"","meta":[],"yoast_head":"<!-- This site is optimized with the Yoast SEO plugin v19.10 - https:\/\/yoast.com\/wordpress\/plugins\/seo\/ -->\n<title>Escuela infantil municipal - Ajuntament de Benissan\u00f3<\/title>\n<meta name=\"description\" content=\"Escuela infantil municipal - Ajuntament de Benissan\u00f3\" \/>\n<meta name=\"robots\" content=\"index, follow, max-snippet:-1, max-image-preview:large, max-video-preview:-1\" \/>\n<link rel=\"canonical\" href=\"https:\/\/ajuntamentbenissano.es\/es\/ayuntamiento\/escuela-infantil-municipal\/\" \/>\n<meta property=\"og:locale\" content=\"es_ES\" \/>\n<meta property=\"og:type\" content=\"article\" \/>\n<meta property=\"og:title\" content=\"Escuela infantil municipal - Ajuntament de Benissan\u00f3\" \/>\n<meta property=\"og:description\" content=\"Escuela infantil municipal - Ajuntament de Benissan\u00f3\" \/>\n<meta property=\"og:url\" content=\"https:\/\/ajuntamentbenissano.es\/es\/ayuntamiento\/escuela-infantil-municipal\/\" \/>\n<meta property=\"og:site_name\" content=\"Ajuntament de Benissan\u00f3\" \/>\n<meta property=\"article:modified_time\" content=\"2020-05-27T16:35:11+00:00\" \/>\n<meta property=\"og:image\" content=\"https:\/\/ajuntamentbenissano.es\/wp-content\/uploads\/2019\/03\/escoleta-infantil-municipal.jpg\" \/>\n\t<meta property=\"og:image:width\" content=\"500\" \/>\n\t<meta property=\"og:image:height\" content=\"540\" \/>\n\t<meta property=\"og:image:type\" content=\"image\/jpeg\" \/>\n<meta name=\"twitter:card\" content=\"summary_large_image\" \/>\n<meta name=\"twitter:label1\" content=\"Tiempo de lectura\" \/>\n\t<meta name=\"twitter:data1\" content=\"5 minutos\" \/>\n<script type=\"application\/ld+json\" class=\"yoast-schema-graph\">{\"@context\":\"https:\/\/schema.org\",\"@graph\":[{\"@type\":\"WebPage\",\"@id\":\"https:\/\/ajuntamentbenissano.es\/es\/ayuntamiento\/escuela-infantil-municipal\/\",\"url\":\"https:\/\/ajuntamentbenissano.es\/es\/ayuntamiento\/escuela-infantil-municipal\/\",\"name\":\"Escuela infantil municipal - Ajuntament de Benissan\u00f3\",\"isPartOf\":{\"@id\":\"https:\/\/ajuntamentbenissano.es\/#website\"},\"datePublished\":\"2019-02-26T21:29:01+00:00\",\"dateModified\":\"2020-05-27T16:35:11+00:00\",\"description\":\"Escuela infantil municipal - Ajuntament de Benissan\u00f3\",\"breadcrumb\":{\"@id\":\"https:\/\/ajuntamentbenissano.es\/es\/ayuntamiento\/escuela-infantil-municipal\/#breadcrumb\"},\"inLanguage\":\"es\",\"potentialAction\":[{\"@type\":\"ReadAction\",\"target\":[\"https:\/\/ajuntamentbenissano.es\/es\/ayuntamiento\/escuela-infantil-municipal\/\"]}]},{\"@type\":\"BreadcrumbList\",\"@id\":\"https:\/\/ajuntamentbenissano.es\/es\/ayuntamiento\/escuela-infantil-municipal\/#breadcrumb\",\"itemListElement\":[{\"@type\":\"ListItem\",\"position\":1,\"name\":\"Portada\",\"item\":\"https:\/\/ajuntamentbenissano.es\/es\/\"},{\"@type\":\"ListItem\",\"position\":2,\"name\":\"Ayuntamiento\",\"item\":\"https:\/\/ajuntamentbenissano.es\/es\/ayuntamiento\/\"},{\"@type\":\"ListItem\",\"position\":3,\"name\":\"Escuela infantil municipal\"}]},{\"@type\":\"WebSite\",\"@id\":\"https:\/\/ajuntamentbenissano.es\/#website\",\"url\":\"https:\/\/ajuntamentbenissano.es\/\",\"name\":\"Ajuntament de Benissan\u00f3\",\"description\":\"Benissan\u00f3, un poble amb hist\u00f2ria\",\"publisher\":{\"@id\":\"https:\/\/ajuntamentbenissano.es\/#organization\"},\"potentialAction\":[{\"@type\":\"SearchAction\",\"target\":{\"@type\":\"EntryPoint\",\"urlTemplate\":\"https:\/\/ajuntamentbenissano.es\/?s={search_term_string}\"},\"query-input\":\"required name=search_term_string\"}],\"inLanguage\":\"es\"},{\"@type\":\"Organization\",\"@id\":\"https:\/\/ajuntamentbenissano.es\/#organization\",\"name\":\"Ajuntament de Benissan\u00f3\",\"url\":\"https:\/\/ajuntamentbenissano.es\/\",\"logo\":{\"@type\":\"ImageObject\",\"inLanguage\":\"es\",\"@id\":\"https:\/\/ajuntamentbenissano.es\/#\/schema\/logo\/image\/\",\"url\":\"https:\/\/ajuntamentbenissano.ayuntamientobenisano.es\/wp-content\/uploads\/2019\/03\/Ajuntament-benissano-st.png\",\"contentUrl\":\"https:\/\/ajuntamentbenissano.ayuntamientobenisano.es\/wp-content\/uploads\/2019\/03\/Ajuntament-benissano-st.png\",\"width\":218,\"height\":90,\"caption\":\"Ajuntament de Benissan\u00f3\"},\"image\":{\"@id\":\"https:\/\/ajuntamentbenissano.es\/#\/schema\/logo\/image\/\"}}]}<\/script>\n<!-- \/ Yoast SEO plugin. -->","yoast_head_json":{"title":"Escuela infantil municipal - Ajuntament de Benissan\u00f3","description":"Escuela infantil municipal - Ajuntament de Benissan\u00f3","robots":{"index":"index","follow":"follow","max-snippet":"max-snippet:-1","max-image-preview":"max-image-preview:large","max-video-preview":"max-video-preview:-1"},"canonical":"https:\/\/ajuntamentbenissano.es\/es\/ayuntamiento\/escuela-infantil-municipal\/","og_locale":"es_ES","og_type":"article","og_title":"Escuela infantil municipal - Ajuntament de Benissan\u00f3","og_description":"Escuela infantil municipal - Ajuntament de Benissan\u00f3","og_url":"https:\/\/ajuntamentbenissano.es\/es\/ayuntamiento\/escuela-infantil-municipal\/","og_site_name":"Ajuntament de Benissan\u00f3","article_modified_time":"2020-05-27T16:35:11+00:00","og_image":[{"width":500,"height":540,"url":"https:\/\/ajuntamentbenissano.es\/wp-content\/uploads\/2019\/03\/escoleta-infantil-municipal.jpg","type":"image\/jpeg"}],"twitter_card":"summary_large_image","twitter_misc":{"Tiempo de lectura":"5 minutos"},"schema":{"@context":"https:\/\/schema.org","@graph":[{"@type":"WebPage","@id":"https:\/\/ajuntamentbenissano.es\/es\/ayuntamiento\/escuela-infantil-municipal\/","url":"https:\/\/ajuntamentbenissano.es\/es\/ayuntamiento\/escuela-infantil-municipal\/","name":"Escuela infantil municipal - Ajuntament de Benissan\u00f3","isPartOf":{"@id":"https:\/\/ajuntamentbenissano.es\/#website"},"datePublished":"2019-02-26T21:29:01+00:00","dateModified":"2020-05-27T16:35:11+00:00","description":"Escuela infantil municipal - Ajuntament de Benissan\u00f3","breadcrumb":{"@id":"https:\/\/ajuntamentbenissano.es\/es\/ayuntamiento\/escuela-infantil-municipal\/#breadcrumb"},"inLanguage":"es","potentialAction":[{"@type":"ReadAction","target":["https:\/\/ajuntamentbenissano.es\/es\/ayuntamiento\/escuela-infantil-municipal\/"]}]},{"@type":"BreadcrumbList","@id":"https:\/\/ajuntamentbenissano.es\/es\/ayuntamiento\/escuela-infantil-municipal\/#breadcrumb","itemListElement":[{"@type":"ListItem","position":1,"name":"Portada","item":"https:\/\/ajuntamentbenissano.es\/es\/"},{"@type":"ListItem","position":2,"name":"Ayuntamiento","item":"https:\/\/ajuntamentbenissano.es\/es\/ayuntamiento\/"},{"@type":"ListItem","position":3,"name":"Escuela infantil municipal"}]},{"@type":"WebSite","@id":"https:\/\/ajuntamentbenissano.es\/#website","url":"https:\/\/ajuntamentbenissano.es\/","name":"Ajuntament de Benissan\u00f3","description":"Benissan\u00f3, un poble amb hist\u00f2ria","publisher":{"@id":"https:\/\/ajuntamentbenissano.es\/#organization"},"potentialAction":[{"@type":"SearchAction","target":{"@type":"EntryPoint","urlTemplate":"https:\/\/ajuntamentbenissano.es\/?s={search_term_string}"},"query-input":"required name=search_term_string"}],"inLanguage":"es"},{"@type":"Organization","@id":"https:\/\/ajuntamentbenissano.es\/#organization","name":"Ajuntament de Benissan\u00f3","url":"https:\/\/ajuntamentbenissano.es\/","logo":{"@type":"ImageObject","inLanguage":"es","@id":"https:\/\/ajuntamentbenissano.es\/#\/schema\/logo\/image\/","url":"https:\/\/ajuntamentbenissano.ayuntamientobenisano.es\/wp-content\/uploads\/2019\/03\/Ajuntament-benissano-st.png","contentUrl":"https:\/\/ajuntamentbenissano.ayuntamientobenisano.es\/wp-content\/uploads\/2019\/03\/Ajuntament-benissano-st.png","width":218,"height":90,"caption":"Ajuntament de Benissan\u00f3"},"image":{"@id":"https:\/\/ajuntamentbenissano.es\/#\/schema\/logo\/image\/"}}]}},"_links":{"self":[{"href":"https:\/\/ajuntamentbenissano.es\/es\/wp-json\/wp\/v2\/pages\/2"}],"collection":[{"href":"https:\/\/ajuntamentbenissano.es\/es\/wp-json\/wp\/v2\/pages"}],"about":[{"href":"https:\/\/ajuntamentbenissano.es\/es\/wp-json\/wp\/v2\/types\/page"}],"author":[{"embeddable":true,"href":"https:\/\/ajuntamentbenissano.es\/es\/wp-json\/wp\/v2\/users\/1"}],"replies":[{"embeddable":true,"href":"https:\/\/ajuntamentbenissano.es\/es\/wp-json\/wp\/v2\/comments?post=2"}],"version-history":[{"count":0,"href":"https:\/\/ajuntamentbenissano.es\/es\/wp-json\/wp\/v2\/pages\/2\/revisions"}],"up":[{"embeddable":true,"href":"https:\/\/ajuntamentbenissano.es\/es\/wp-json\/wp\/v2\/pages\/120"}],"wp:featuredmedia":[{"embeddable":true,"href":"https:\/\/ajuntamentbenissano.es\/es\/wp-json\/wp\/v2\/media\/522"}],"wp:attachment":[{"href":"https:\/\/ajuntamentbenissano.es\/es\/wp-json\/wp\/v2\/media?parent=2"}],"curies":[{"name":"wp","href":"https:\/\/api.w.org\/{rel}","templated":true}]}}