{"id":1280,"date":"2019-04-11T19:51:17","date_gmt":"2019-04-11T17:51:17","guid":{"rendered":"https:\/\/www.ajuntamentbenissano.es\/?page_id=1280"},"modified":"2021-07-29T19:25:53","modified_gmt":"2021-07-29T17:25:53","slug":"festival-internacional-de-musica","status":"publish","type":"page","link":"https:\/\/ajuntamentbenissano.es\/es\/municipio\/festival-internacional-de-musica\/","title":{"rendered":"5\u00ba Festival Internacional de M\u00fasica"},"content":{"rendered":"<p>[vc_row css_animation=\u00bb\u00bb row_type=\u00bbrow\u00bb use_row_as_full_screen_section=\u00bbno\u00bb type=\u00bbgrid\u00bb angled_section=\u00bbno\u00bb text_align=\u00bbleft\u00bb background_image_as_pattern=\u00bbwithout_pattern\u00bb css=\u00bb.vc_custom_1627579550581{margin-top: 2% !important;margin-bottom: 2% !important;}\u00bb z_index=\u00bb\u00bb][vc_column][vc_column_text css=\u00bb.vc_custom_1627579496031{padding-top: 30px !important;padding-bottom: 30px !important;background-color: #dbdbdb !important;border-radius: 5px !important;}\u00bb]<\/p>\n<h2 style=\"text-align: center;\"><span style=\"color: #a60f38;\">PLAZO FINALIZADO<\/span><\/h2>\n<p>[\/vc_column_text][\/vc_column][\/vc_row][vc_row css_animation=\u00bb\u00bb row_type=\u00bbrow\u00bb use_row_as_full_screen_section=\u00bbno\u00bb type=\u00bbfull_width\u00bb angled_section=\u00bbno\u00bb text_align=\u00bbleft\u00bb background_image_as_pattern=\u00bbwithout_pattern\u00bb][vc_column][vc_separator type=\u00bbtransparent\u00bb down=\u00bb50&#8243;][vc_column_text]<\/p>\n<h2 style=\"text-align: center;\">Curso de canto<\/h2>\n<p>[\/vc_column_text][vc_separator type=\u00bbtransparent\u00bb down=\u00bb50&#8243;][\/vc_column][\/vc_row][vc_row css_animation=\u00bb\u00bb row_type=\u00bbrow\u00bb use_row_as_full_screen_section=\u00bbno\u00bb type=\u00bbgrid\u00bb angled_section=\u00bbno\u00bb text_align=\u00bbleft\u00bb background_image_as_pattern=\u00bbwithout_pattern\u00bb z_index=\u00bb\u00bb][vc_column][vc_row_inner row_type=\u00bbrow\u00bb type=\u00bbfull_width\u00bb text_align=\u00bbleft\u00bb css_animation=\u00bb\u00bb][vc_column_inner css=\u00bb.vc_custom_1627579302303{margin-top: 0px !important;margin-right: 0px !important;margin-bottom: 0px !important;margin-left: 0px !important;border-top-width: 1px !important;border-right-width: 1px !important;border-bottom-width: 1px !important;border-left-width: 1px !important;padding-top: 0px !important;padding-right: 0px !important;padding-bottom: 0px !important;padding-left: 0px !important;border-left-color: #a60f38 !important;border-left-style: solid !important;border-right-color: #a60f38 !important;border-right-style: solid !important;border-top-color: #a60f38 !important;border-top-style: solid !important;border-bottom-color: #a60f38 !important;border-bottom-style: solid !important;border-radius: 4px !important;}\u00bb offset=\u00bbvc_hidden-lg vc_hidden-md vc_hidden-sm vc_hidden-xs\u00bb]<div class=\"qode-advanced-tabs qode-advanced-tabs qode-advanced-horizontal-tab clearfix qode-advanced-tab-with-icon qode-advanced-tabs-column-2 clearfix\">\n\t<ul class=\"qode-advanced-tabs-nav\">\n\t\t\t\t\t<li>\n\t\t\t\t<h4>\n\t\t\t\t\t<a href=\"#tab-informacion\">\n\t\t\t\t\t\t\t\t\t\t\t\t\t<span class=\"qode-advanced-icon-frame\"><\/span>\n\t\t\t\t\t\t\n\t\t\t\t\t\t\t\t\t\t\t\t\t<span class=\"qode-advanced-tab-text-after-icon\">\n\t\t\t\t\t\t\t\tInformaci\u00f3n\t\t\t\t\t\t\t<\/span>\n\t\t\t\t\t\t\t\t\t\t\t<\/a>\n\t\t\t\t<\/h4>\n\t\t\t<\/li>\n\t\t\t\t\t<li>\n\t\t\t\t<h4>\n\t\t\t\t\t<a href=\"#tab-rellenar-formulario\">\n\t\t\t\t\t\t\t\t\t\t\t\t\t<span class=\"qode-advanced-icon-frame\"><\/span>\n\t\t\t\t\t\t\n\t\t\t\t\t\t\t\t\t\t\t\t\t<span class=\"qode-advanced-tab-text-after-icon\">\n\t\t\t\t\t\t\t\tRellenar formulario\t\t\t\t\t\t\t<\/span>\n\t\t\t\t\t\t\t\t\t\t\t<\/a>\n\t\t\t\t<\/h4>\n\t\t\t<\/li>\n\t\t\t<\/ul>\n\t<div class=\"qode-advanced-tab-container\" id=\"tab-informacion-242\" data-icon-pack=\"font_awesome\" data-icon-html=\"&lt;i class=&quot;qode_icon_font_awesome fa fa-info &quot; &gt;&lt;\/i&gt;\"><div class=ordered><\/p>\n<ol>\n<li>Cumplimentar el siguiente formulario de inscripci\u00f3n de la pesta\u00f1a \u00abRellenar formulario\u00bb<\/li>\n<li>Ingreso o transferencia por el importe del curso (250\u20ac) a la cuenta siguiente:\u00a0<strong> ES70 3159 0062 0326 8906 1121<\/strong>\u00a0(CAIXA POPULAR) Indicar en CONCEPTO: Nombre, apellidos &#8211; Curso de canto.<\/li>\n<li>Enviar copia del ingreso a: <a href=\"mailto:benissanofim@gmail.com\">benissanofim@gmail.com<\/a><\/li>\n<\/ol>\n<p><\/div>[vc_column_text]<strong>NOTA<\/strong>:<\/p>\n<p>&nbsp;<\/p>\n<p>Las plazas son limitadas y se adjudicar\u00e1n por orden de recepci\u00f3n.<\/p>\n<p>&nbsp;<\/p>\n<p>Una vez admitido, la comisi\u00f3n organizadora te enviar\u00e1 un correo electr\u00f3nico.<\/p>\n<p>&nbsp;<\/p>\n<p>Una vez formalizada la matr\u00edcula, no se devolver\u00e1 el importe del curso, excepto que:<\/p>\n<p>&nbsp;<\/p>\n<ul>\n<li>\u00c9ste se anule por parte de la organizaci\u00f3n.<\/li>\n<\/ul>\n<p>&nbsp;<\/p>\n<ul>\n<li>Est\u00e9n agotadas las plazas en tu modalidad.<\/li>\n<\/ul>\n<p>&nbsp;<\/p>\n<ul>\n<li>Por causa mayor debidamente justificada.<\/li>\n<\/ul>\n<p>&nbsp;<\/p>\n<p>&nbsp;<\/p>\n<p>&nbsp;<\/p>\n<p><strong>CONTACTO<\/strong><\/p>\n<p>Ajuntament de Benissan\u00f3<\/p>\n<p>Pla\u00e7a de l\u2019ajuntament, 1<\/p>\n<p>46181- Benissan\u00f3<\/p>\n<p>Telf.: 962 780 701<span id=\"cloak0c958ebbcdb9a94617defc4a7b7e8fb2\"><\/span><\/p>\n<p>&nbsp;<\/p>\n<p>&nbsp;<\/p>\n<p class=\"Standard\">Para cualquier consulta enviar un correo electr\u00f3nico a: <a href=\"mailto:benissanofim@gmail.com\">benissanofim@gmail.com<\/a><\/p>\n<p>[\/vc_column_text][vc_separator type=\u00bbnormal\u00bb up=\u00bb15px\u00bb down=\u00bb15px\u00bb][vc_separator type=\u00bbnormal\u00bb up=\u00bb15px\u00bb down=\u00bb15px\u00bb]<\/div><div class=\"qode-advanced-tab-container\" id=\"tab-rellenar-formulario-690\" data-icon-pack=\"font_awesome\" data-icon-html=\"&lt;i class=&quot;qode_icon_font_awesome fa fa-pencil-square-o &quot; &gt;&lt;\/i&gt;\"><div role=\"form\" class=\"wpcf7\" id=\"wpcf7-f4394-o1\" lang=\"es-ES\" dir=\"ltr\">\n<div class=\"screen-reader-response\"><p role=\"status\" aria-live=\"polite\" aria-atomic=\"true\"><\/p> <ul><\/ul><\/div>\n<form action=\"\/es\/wp-json\/wp\/v2\/pages\/1280#wpcf7-f4394-o1\" method=\"post\" class=\"wpcf7-form init cf7_custom_style_1\" novalidate=\"novalidate\" data-status=\"init\">\n<div style=\"display: none;\">\n<input type=\"hidden\" name=\"_wpcf7\" value=\"4394\" \/>\n<input type=\"hidden\" name=\"_wpcf7_version\" value=\"5.6.4\" \/>\n<input type=\"hidden\" name=\"_wpcf7_locale\" value=\"es_ES\" \/>\n<input type=\"hidden\" name=\"_wpcf7_unit_tag\" value=\"wpcf7-f4394-o1\" \/>\n<input type=\"hidden\" name=\"_wpcf7_container_post\" value=\"0\" \/>\n<input type=\"hidden\" name=\"_wpcf7_posted_data_hash\" value=\"\" \/>\n<\/div>\n<p><label>Nom \/ Name(*)<\/label><br \/>\n<label><span class=\"wpcf7-form-control-wrap\" data-name=\"nombre\"><input type=\"text\" name=\"nombre\" value=\"\" size=\"40\" class=\"wpcf7-form-control wpcf7-text wpcf7-validates-as-required\" aria-required=\"true\" aria-invalid=\"false\" \/><\/span> <\/label><\/p>\n<p><label>Cognom \/ Surname (*)<\/label><br \/>\n<label><span class=\"wpcf7-form-control-wrap\" data-name=\"apellidos\"><input type=\"text\" name=\"apellidos\" value=\"\" size=\"40\" class=\"wpcf7-form-control wpcf7-text wpcf7-validates-as-required\" aria-required=\"true\" aria-invalid=\"false\" \/><\/span> <\/label><\/p>\n<p><label>Direcci\u00f3 \/ Address (*)<\/label><br \/>\n<label><span class=\"wpcf7-form-control-wrap\" data-name=\"direccion\"><input type=\"text\" name=\"direccion\" value=\"\" size=\"40\" class=\"wpcf7-form-control wpcf7-text wpcf7-validates-as-required\" aria-required=\"true\" aria-invalid=\"false\" \/><\/span><\/label><\/p>\n<p><label>DNI \/ ID(*)<label><br \/>\n<label><span class=\"wpcf7-form-control-wrap\" data-name=\"dni\"><input type=\"text\" name=\"dni\" value=\"\" size=\"40\" class=\"wpcf7-form-control wpcf7-text wpcf7-validates-as-required\" aria-required=\"true\" aria-invalid=\"false\" \/><\/span> <\/label><\/p>\n<p><label> Tel\u00e8fon \/ Phone<\/label><br \/>\n<label><span class=\"wpcf7-form-control-wrap\" data-name=\"phone\"><input type=\"tel\" name=\"phone\" value=\"\" size=\"40\" class=\"wpcf7-form-control wpcf7-text wpcf7-tel wpcf7-validates-as-required wpcf7-validates-as-tel telefono\" aria-required=\"true\" aria-invalid=\"false\" \/><\/span><\/label><\/p>\n<p><label>Email<\/label><br \/>\n<label><span class=\"wpcf7-form-control-wrap\" data-name=\"email\"><input type=\"email\" name=\"email\" value=\"\" size=\"40\" class=\"wpcf7-form-control wpcf7-text wpcf7-email wpcf7-validates-as-required wpcf7-validates-as-email mail\" aria-required=\"true\" aria-invalid=\"false\" \/><\/span><\/label><\/p>\n<p><br><br><br \/>\n<span id=\"wpcf7-69ea21eda34af-wrapper\" class=\"wpcf7-form-control-wrap honeypot-1604-wrap\" ><label for=\"wpcf7-69ea21eda34af-field\" class=\"hp-message\">Por favor, deja este campo vac\u00edo.<\/label><input id=\"wpcf7-69ea21eda34af-field\"  class=\"wpcf7-form-control wpcf7-text\" type=\"text\" name=\"honeypot-1604\" value=\"\" size=\"40\" tabindex=\"-1\" autocomplete=\"new-password\" \/><\/span><br \/>\n<label><span class=\"wpcf7-form-control-wrap\" data-name=\"oklegal\"><span class=\"wpcf7-form-control wpcf7-acceptance\"><span class=\"wpcf7-list-item\"><label><input type=\"checkbox\" name=\"oklegal\" value=\"1\" aria-invalid=\"false\" \/><span class=\"wpcf7-list-item-label\">Acepto la pol\u00edtica de privacidad y las condiciones de uso<\/span><\/label><\/span><\/span><\/span><\/label><\/p>\n<p><input type=\"submit\" value=\"Enviar\" class=\"wpcf7-form-control has-spinner wpcf7-submit\" \/><\/p>\n<p style=\"display: none !important;\" class=\"akismet-fields-container\" data-prefix=\"_wpcf7_ak_\"><label>&#916;<textarea name=\"_wpcf7_ak_hp_textarea\" cols=\"45\" rows=\"8\" maxlength=\"100\"><\/textarea><\/label><input type=\"hidden\" id=\"ak_js_1\" name=\"_wpcf7_ak_js\" value=\"61\"\/><script>document.getElementById( \"ak_js_1\" ).setAttribute( \"value\", ( new Date() ).getTime() );<\/script><\/p><div class=\"wpcf7-response-output\" aria-hidden=\"true\"><\/div><\/form><\/div>[vc_separator type=\u00bbnormal\u00bb up=\u00bb15px\u00bb down=\u00bb15px\u00bb][vc_separator type=\u00bbnormal\u00bb up=\u00bb15px\u00bb down=\u00bb15px\u00bb]<\/div><\/div>[\/vc_column_inner][\/vc_row_inner][vc_separator type=\u00bbtransparent\u00bb down=\u00bb50&#8243;][\/vc_column][\/vc_row][vc_row css_animation=\u00bb\u00bb row_type=\u00bbrow\u00bb use_row_as_full_screen_section=\u00bbno\u00bb type=\u00bbgrid\u00bb angled_section=\u00bbno\u00bb text_align=\u00bbcenter\u00bb background_image_as_pattern=\u00bbwithout_pattern\u00bb z_index=\u00bb\u00bb][vc_column][vc_separator type=\u00bbtransparent\u00bb up=\u00bb20&#8243; down=\u00bb20&#8243;][vc_single_image image=\u00bb4376&#8243; img_size=\u00bblarge\u00bb alignment=\u00bbcenter\u00bb onclick=\u00bblink_image\u00bb qode_css_animation=\u00bb\u00bb][vc_separator type=\u00bbtransparent\u00bb up=\u00bb20&#8243; down=\u00bb20&#8243;][\/vc_column][\/vc_row]<\/p>\n","protected":false},"excerpt":{"rendered":"<p>[vc_row css_animation=\u00bb\u00bb row_type=\u00bbrow\u00bb use_row_as_full_screen_section=\u00bbno\u00bb type=\u00bbgrid\u00bb angled_section=\u00bbno\u00bb text_align=\u00bbleft\u00bb background_image_as_pattern=\u00bbwithout_pattern\u00bb css=\u00bb.vc_custom_1627579550581{margin-top: 2% !important;margin-bottom: 2% !important;}\u00bb z_index=\u00bb\u00bb][vc_column][vc_column_text css=\u00bb.vc_custom_1627579496031{padding-top: 30px !important;padding-bottom: 30px !important;background-color: #dbdbdb !important;border-radius: 5px !important;}\u00bb] PLAZO FINALIZADO [\/vc_column_text][\/vc_column][\/vc_row][vc_row css_animation=\u00bb\u00bb row_type=\u00bbrow\u00bb use_row_as_full_screen_section=\u00bbno\u00bb type=\u00bbfull_width\u00bb angled_section=\u00bbno\u00bb text_align=\u00bbleft\u00bb background_image_as_pattern=\u00bbwithout_pattern\u00bb][vc_column][vc_separator type=\u00bbtransparent\u00bb down=\u00bb50&#8243;][vc_column_text] Curso de canto [\/vc_column_text][vc_separator type=\u00bbtransparent\u00bb down=\u00bb50&#8243;][\/vc_column][\/vc_row][vc_row css_animation=\u00bb\u00bb row_type=\u00bbrow\u00bb use_row_as_full_screen_section=\u00bbno\u00bb type=\u00bbgrid\u00bb&#8230;<\/p>\n","protected":false},"author":1,"featured_media":0,"parent":817,"menu_order":8,"comment_status":"closed","ping_status":"closed","template":"full_width.php","meta":[],"yoast_head":"<!-- This site is optimized with the Yoast SEO plugin v19.10 - https:\/\/yoast.com\/wordpress\/plugins\/seo\/ -->\n<title>5\u00ba Festival Internacional de M\u00fasica - Ajuntament de Benissan\u00f3<\/title>\n<meta name=\"description\" content=\"5\u00ba Festival Internacional de M\u00fasica - Ajuntament de Benissan\u00f3\" \/>\n<meta name=\"robots\" content=\"index, follow, max-snippet:-1, max-image-preview:large, max-video-preview:-1\" \/>\n<link rel=\"canonical\" href=\"https:\/\/ajuntamentbenissano.es\/es\/municipio\/festival-internacional-de-musica\/\" \/>\n<meta property=\"og:locale\" content=\"es_ES\" \/>\n<meta property=\"og:type\" content=\"article\" \/>\n<meta property=\"og:title\" content=\"5\u00ba Festival Internacional de M\u00fasica - Ajuntament de Benissan\u00f3\" \/>\n<meta property=\"og:description\" content=\"5\u00ba Festival Internacional de M\u00fasica - Ajuntament de Benissan\u00f3\" \/>\n<meta property=\"og:url\" content=\"https:\/\/ajuntamentbenissano.es\/es\/municipio\/festival-internacional-de-musica\/\" \/>\n<meta property=\"og:site_name\" content=\"Ajuntament de Benissan\u00f3\" \/>\n<meta property=\"article:modified_time\" content=\"2021-07-29T17:25:53+00:00\" \/>\n<meta name=\"twitter:card\" content=\"summary_large_image\" \/>\n<meta name=\"twitter:label1\" content=\"Tiempo de lectura\" \/>\n\t<meta name=\"twitter:data1\" content=\"2 minutos\" \/>\n<script type=\"application\/ld+json\" class=\"yoast-schema-graph\">{\"@context\":\"https:\/\/schema.org\",\"@graph\":[{\"@type\":\"WebPage\",\"@id\":\"https:\/\/ajuntamentbenissano.es\/es\/municipio\/festival-internacional-de-musica\/\",\"url\":\"https:\/\/ajuntamentbenissano.es\/es\/municipio\/festival-internacional-de-musica\/\",\"name\":\"5\u00ba Festival Internacional de M\u00fasica - Ajuntament de Benissan\u00f3\",\"isPartOf\":{\"@id\":\"https:\/\/ajuntamentbenissano.es\/#website\"},\"datePublished\":\"2019-04-11T17:51:17+00:00\",\"dateModified\":\"2021-07-29T17:25:53+00:00\",\"description\":\"5\u00ba Festival Internacional de M\u00fasica - Ajuntament de Benissan\u00f3\",\"breadcrumb\":{\"@id\":\"https:\/\/ajuntamentbenissano.es\/es\/municipio\/festival-internacional-de-musica\/#breadcrumb\"},\"inLanguage\":\"es\",\"potentialAction\":[{\"@type\":\"ReadAction\",\"target\":[\"https:\/\/ajuntamentbenissano.es\/es\/municipio\/festival-internacional-de-musica\/\"]}]},{\"@type\":\"BreadcrumbList\",\"@id\":\"https:\/\/ajuntamentbenissano.es\/es\/municipio\/festival-internacional-de-musica\/#breadcrumb\",\"itemListElement\":[{\"@type\":\"ListItem\",\"position\":1,\"name\":\"Portada\",\"item\":\"https:\/\/ajuntamentbenissano.es\/es\/\"},{\"@type\":\"ListItem\",\"position\":2,\"name\":\"Municipio\",\"item\":\"https:\/\/ajuntamentbenissano.es\/es\/municipio\/\"},{\"@type\":\"ListItem\",\"position\":3,\"name\":\"5\u00ba Festival Internacional de M\u00fasica\"}]},{\"@type\":\"WebSite\",\"@id\":\"https:\/\/ajuntamentbenissano.es\/#website\",\"url\":\"https:\/\/ajuntamentbenissano.es\/\",\"name\":\"Ajuntament de Benissan\u00f3\",\"description\":\"Benissan\u00f3, un poble amb hist\u00f2ria\",\"publisher\":{\"@id\":\"https:\/\/ajuntamentbenissano.es\/#organization\"},\"potentialAction\":[{\"@type\":\"SearchAction\",\"target\":{\"@type\":\"EntryPoint\",\"urlTemplate\":\"https:\/\/ajuntamentbenissano.es\/?s={search_term_string}\"},\"query-input\":\"required name=search_term_string\"}],\"inLanguage\":\"es\"},{\"@type\":\"Organization\",\"@id\":\"https:\/\/ajuntamentbenissano.es\/#organization\",\"name\":\"Ajuntament de Benissan\u00f3\",\"url\":\"https:\/\/ajuntamentbenissano.es\/\",\"logo\":{\"@type\":\"ImageObject\",\"inLanguage\":\"es\",\"@id\":\"https:\/\/ajuntamentbenissano.es\/#\/schema\/logo\/image\/\",\"url\":\"https:\/\/ajuntamentbenissano.ayuntamientobenisano.es\/wp-content\/uploads\/2019\/03\/Ajuntament-benissano-st.png\",\"contentUrl\":\"https:\/\/ajuntamentbenissano.ayuntamientobenisano.es\/wp-content\/uploads\/2019\/03\/Ajuntament-benissano-st.png\",\"width\":218,\"height\":90,\"caption\":\"Ajuntament de Benissan\u00f3\"},\"image\":{\"@id\":\"https:\/\/ajuntamentbenissano.es\/#\/schema\/logo\/image\/\"}}]}<\/script>\n<!-- \/ Yoast SEO plugin. -->","yoast_head_json":{"title":"5\u00ba Festival Internacional de M\u00fasica - Ajuntament de Benissan\u00f3","description":"5\u00ba Festival Internacional de M\u00fasica - Ajuntament de Benissan\u00f3","robots":{"index":"index","follow":"follow","max-snippet":"max-snippet:-1","max-image-preview":"max-image-preview:large","max-video-preview":"max-video-preview:-1"},"canonical":"https:\/\/ajuntamentbenissano.es\/es\/municipio\/festival-internacional-de-musica\/","og_locale":"es_ES","og_type":"article","og_title":"5\u00ba Festival Internacional de M\u00fasica - Ajuntament de Benissan\u00f3","og_description":"5\u00ba Festival Internacional de M\u00fasica - Ajuntament de Benissan\u00f3","og_url":"https:\/\/ajuntamentbenissano.es\/es\/municipio\/festival-internacional-de-musica\/","og_site_name":"Ajuntament de Benissan\u00f3","article_modified_time":"2021-07-29T17:25:53+00:00","twitter_card":"summary_large_image","twitter_misc":{"Tiempo de lectura":"2 minutos"},"schema":{"@context":"https:\/\/schema.org","@graph":[{"@type":"WebPage","@id":"https:\/\/ajuntamentbenissano.es\/es\/municipio\/festival-internacional-de-musica\/","url":"https:\/\/ajuntamentbenissano.es\/es\/municipio\/festival-internacional-de-musica\/","name":"5\u00ba Festival Internacional de M\u00fasica - Ajuntament de Benissan\u00f3","isPartOf":{"@id":"https:\/\/ajuntamentbenissano.es\/#website"},"datePublished":"2019-04-11T17:51:17+00:00","dateModified":"2021-07-29T17:25:53+00:00","description":"5\u00ba Festival Internacional de M\u00fasica - Ajuntament de Benissan\u00f3","breadcrumb":{"@id":"https:\/\/ajuntamentbenissano.es\/es\/municipio\/festival-internacional-de-musica\/#breadcrumb"},"inLanguage":"es","potentialAction":[{"@type":"ReadAction","target":["https:\/\/ajuntamentbenissano.es\/es\/municipio\/festival-internacional-de-musica\/"]}]},{"@type":"BreadcrumbList","@id":"https:\/\/ajuntamentbenissano.es\/es\/municipio\/festival-internacional-de-musica\/#breadcrumb","itemListElement":[{"@type":"ListItem","position":1,"name":"Portada","item":"https:\/\/ajuntamentbenissano.es\/es\/"},{"@type":"ListItem","position":2,"name":"Municipio","item":"https:\/\/ajuntamentbenissano.es\/es\/municipio\/"},{"@type":"ListItem","position":3,"name":"5\u00ba Festival Internacional de M\u00fasica"}]},{"@type":"WebSite","@id":"https:\/\/ajuntamentbenissano.es\/#website","url":"https:\/\/ajuntamentbenissano.es\/","name":"Ajuntament de Benissan\u00f3","description":"Benissan\u00f3, un poble amb hist\u00f2ria","publisher":{"@id":"https:\/\/ajuntamentbenissano.es\/#organization"},"potentialAction":[{"@type":"SearchAction","target":{"@type":"EntryPoint","urlTemplate":"https:\/\/ajuntamentbenissano.es\/?s={search_term_string}"},"query-input":"required name=search_term_string"}],"inLanguage":"es"},{"@type":"Organization","@id":"https:\/\/ajuntamentbenissano.es\/#organization","name":"Ajuntament de Benissan\u00f3","url":"https:\/\/ajuntamentbenissano.es\/","logo":{"@type":"ImageObject","inLanguage":"es","@id":"https:\/\/ajuntamentbenissano.es\/#\/schema\/logo\/image\/","url":"https:\/\/ajuntamentbenissano.ayuntamientobenisano.es\/wp-content\/uploads\/2019\/03\/Ajuntament-benissano-st.png","contentUrl":"https:\/\/ajuntamentbenissano.ayuntamientobenisano.es\/wp-content\/uploads\/2019\/03\/Ajuntament-benissano-st.png","width":218,"height":90,"caption":"Ajuntament de Benissan\u00f3"},"image":{"@id":"https:\/\/ajuntamentbenissano.es\/#\/schema\/logo\/image\/"}}]}},"_links":{"self":[{"href":"https:\/\/ajuntamentbenissano.es\/es\/wp-json\/wp\/v2\/pages\/1280"}],"collection":[{"href":"https:\/\/ajuntamentbenissano.es\/es\/wp-json\/wp\/v2\/pages"}],"about":[{"href":"https:\/\/ajuntamentbenissano.es\/es\/wp-json\/wp\/v2\/types\/page"}],"author":[{"embeddable":true,"href":"https:\/\/ajuntamentbenissano.es\/es\/wp-json\/wp\/v2\/users\/1"}],"replies":[{"embeddable":true,"href":"https:\/\/ajuntamentbenissano.es\/es\/wp-json\/wp\/v2\/comments?post=1280"}],"version-history":[{"count":11,"href":"https:\/\/ajuntamentbenissano.es\/es\/wp-json\/wp\/v2\/pages\/1280\/revisions"}],"predecessor-version":[{"id":4596,"href":"https:\/\/ajuntamentbenissano.es\/es\/wp-json\/wp\/v2\/pages\/1280\/revisions\/4596"}],"up":[{"embeddable":true,"href":"https:\/\/ajuntamentbenissano.es\/es\/wp-json\/wp\/v2\/pages\/817"}],"wp:attachment":[{"href":"https:\/\/ajuntamentbenissano.es\/es\/wp-json\/wp\/v2\/media?parent=1280"}],"curies":[{"name":"wp","href":"https:\/\/api.w.org\/{rel}","templated":true}]}}