{"id":1206,"date":"2019-04-04T01:12:38","date_gmt":"2019-04-03T23:12:38","guid":{"rendered":"https:\/\/www.ajuntamentbenissano.es\/?page_id=1206"},"modified":"2019-04-18T14:18:43","modified_gmt":"2019-04-18T12:18:43","slug":"san-vicente-ferrer","status":"publish","type":"page","link":"https:\/\/ajuntamentbenissano.es\/es\/municipio\/las-fiestas\/san-vicente-ferrer\/","title":{"rendered":"San Vicente Ferrer"},"content":{"rendered":"<p>[vc_row css_animation=\u00bb\u00bb row_type=\u00bbrow\u00bb use_row_as_full_screen_section=\u00bbno\u00bb type=\u00bbfull_width\u00bb angled_section=\u00bbno\u00bb text_align=\u00bbleft\u00bb background_image_as_pattern=\u00bbwithout_pattern\u00bb][vc_column][vc_separator type=\u00bbtransparent\u00bb down=\u00bb50&#8243;][\/vc_column][\/vc_row][vc_row css_animation=\u00bb\u00bb row_type=\u00bbrow\u00bb use_row_as_full_screen_section=\u00bbno\u00bb type=\u00bbgrid\u00bb angled_section=\u00bbno\u00bb text_align=\u00bbleft\u00bb background_image_as_pattern=\u00bbwithout_pattern\u00bb z_index=\u00bb\u00bb][vc_column width=\u00bb3\/4&#8243;][vc_column_text]<\/p>\n<p align=\"JUSTIFY\">Justo siete d\u00edas despu\u00e9s de celebrar la Semana Santa se celebra la festividad en honor de San Vicente Ferrer. Por la ma\u00f1ana es tradicional realizar la procesi\u00f3n, junto con la banda de m\u00fasica, del comulgar de impedidos, y ya por la tarde, la Junta de Regantes de Benissan\u00f3 preside la procesi\u00f3n al santo.<\/p>\n<p>[\/vc_column_text][vc_column_text]<\/p>\n<p align=\"JUSTIFY\">El d\u00eda siguiente (martes de San Vicente) es costumbre muy antigua, que todos los vecinos y vecinas del pueblo se trasladen al Parque de San Vicente en Ll\u00edria, para hacerse un buen asado de carne y embutido y as\u00ed, merendar al aire libre con los amigos y familiares.<\/p>\n<p>[\/vc_column_text][vc_separator type=\u00bbnormal\u00bb up=\u00bb20&#8243; down=\u00bb20&#8243;][vc_row_inner row_type=\u00bbrow\u00bb type=\u00bbfull_width\u00bb text_align=\u00bbleft\u00bb css_animation=\u00bb\u00bb][vc_column_inner][vc_single_image image=\u00bb1396&#8243; img_size=\u00bblarge\u00bb qode_css_animation=\u00bb\u00bb][\/vc_column_inner][\/vc_row_inner][\/vc_column][vc_column width=\u00bb1\/4&#8243;][vc_widget_sidebar sidebar_id=\u00bbSidebar municipio fiestas\u00bb][\/vc_column][\/vc_row][vc_row css_animation=\u00bb\u00bb row_type=\u00bbrow\u00bb use_row_as_full_screen_section=\u00bbno\u00bb type=\u00bbfull_width\u00bb angled_section=\u00bbno\u00bb text_align=\u00bbleft\u00bb background_image_as_pattern=\u00bbwithout_pattern\u00bb][vc_column][vc_separator type=\u00bbtransparent\u00bb up=\u00bb40&#8243;][\/vc_column][\/vc_row]<\/p>\n","protected":false},"excerpt":{"rendered":"<p>[vc_row css_animation=\u00bb\u00bb row_type=\u00bbrow\u00bb use_row_as_full_screen_section=\u00bbno\u00bb type=\u00bbfull_width\u00bb angled_section=\u00bbno\u00bb text_align=\u00bbleft\u00bb background_image_as_pattern=\u00bbwithout_pattern\u00bb][vc_column][vc_separator type=\u00bbtransparent\u00bb down=\u00bb50&#8243;][\/vc_column][\/vc_row][vc_row css_animation=\u00bb\u00bb row_type=\u00bbrow\u00bb use_row_as_full_screen_section=\u00bbno\u00bb type=\u00bbgrid\u00bb angled_section=\u00bbno\u00bb text_align=\u00bbleft\u00bb background_image_as_pattern=\u00bbwithout_pattern\u00bb z_index=\u00bb\u00bb][vc_column width=\u00bb3\/4&#8243;][vc_column_text] Justo siete d\u00edas despu\u00e9s de celebrar la Semana Santa se celebra la festividad en honor de San Vicente Ferrer. Por la ma\u00f1ana es tradicional realizar la&#8230;<\/p>\n","protected":false},"author":1,"featured_media":0,"parent":1061,"menu_order":6,"comment_status":"closed","ping_status":"closed","template":"full_width.php","meta":[],"yoast_head":"<!-- This site is optimized with the Yoast SEO plugin v19.10 - https:\/\/yoast.com\/wordpress\/plugins\/seo\/ -->\n<title>San Vicente Ferrer - Ajuntament de Benissan\u00f3<\/title>\n<meta name=\"description\" content=\"San Vicente Ferrer - Ajuntament de Benissan\u00f3\" \/>\n<meta name=\"robots\" content=\"index, follow, max-snippet:-1, max-image-preview:large, max-video-preview:-1\" \/>\n<link rel=\"canonical\" href=\"https:\/\/ajuntamentbenissano.es\/es\/municipio\/las-fiestas\/san-vicente-ferrer\/\" \/>\n<meta property=\"og:locale\" content=\"es_ES\" \/>\n<meta property=\"og:type\" content=\"article\" \/>\n<meta property=\"og:title\" content=\"San Vicente Ferrer - Ajuntament de Benissan\u00f3\" \/>\n<meta property=\"og:description\" content=\"San Vicente Ferrer - Ajuntament de Benissan\u00f3\" \/>\n<meta property=\"og:url\" content=\"https:\/\/ajuntamentbenissano.es\/es\/municipio\/las-fiestas\/san-vicente-ferrer\/\" \/>\n<meta property=\"og:site_name\" content=\"Ajuntament de Benissan\u00f3\" \/>\n<meta property=\"article:modified_time\" content=\"2019-04-18T12:18:43+00:00\" \/>\n<meta name=\"twitter:card\" content=\"summary_large_image\" \/>\n<meta name=\"twitter:label1\" content=\"Tiempo de lectura\" \/>\n\t<meta name=\"twitter:data1\" content=\"1 minuto\" \/>\n<script type=\"application\/ld+json\" class=\"yoast-schema-graph\">{\"@context\":\"https:\/\/schema.org\",\"@graph\":[{\"@type\":\"WebPage\",\"@id\":\"https:\/\/ajuntamentbenissano.es\/es\/municipio\/las-fiestas\/san-vicente-ferrer\/\",\"url\":\"https:\/\/ajuntamentbenissano.es\/es\/municipio\/las-fiestas\/san-vicente-ferrer\/\",\"name\":\"San Vicente Ferrer - Ajuntament de Benissan\u00f3\",\"isPartOf\":{\"@id\":\"https:\/\/ajuntamentbenissano.es\/#website\"},\"datePublished\":\"2019-04-03T23:12:38+00:00\",\"dateModified\":\"2019-04-18T12:18:43+00:00\",\"description\":\"San Vicente Ferrer - Ajuntament de Benissan\u00f3\",\"breadcrumb\":{\"@id\":\"https:\/\/ajuntamentbenissano.es\/es\/municipio\/las-fiestas\/san-vicente-ferrer\/#breadcrumb\"},\"inLanguage\":\"es\",\"potentialAction\":[{\"@type\":\"ReadAction\",\"target\":[\"https:\/\/ajuntamentbenissano.es\/es\/municipio\/las-fiestas\/san-vicente-ferrer\/\"]}]},{\"@type\":\"BreadcrumbList\",\"@id\":\"https:\/\/ajuntamentbenissano.es\/es\/municipio\/las-fiestas\/san-vicente-ferrer\/#breadcrumb\",\"itemListElement\":[{\"@type\":\"ListItem\",\"position\":1,\"name\":\"Portada\",\"item\":\"https:\/\/ajuntamentbenissano.es\/es\/\"},{\"@type\":\"ListItem\",\"position\":2,\"name\":\"Municipio\",\"item\":\"https:\/\/ajuntamentbenissano.es\/es\/municipio\/\"},{\"@type\":\"ListItem\",\"position\":3,\"name\":\"Las fiestas\",\"item\":\"https:\/\/ajuntamentbenissano.es\/es\/municipio\/las-fiestas\/\"},{\"@type\":\"ListItem\",\"position\":4,\"name\":\"San Vicente Ferrer\"}]},{\"@type\":\"WebSite\",\"@id\":\"https:\/\/ajuntamentbenissano.es\/#website\",\"url\":\"https:\/\/ajuntamentbenissano.es\/\",\"name\":\"Ajuntament de Benissan\u00f3\",\"description\":\"Benissan\u00f3, un poble amb hist\u00f2ria\",\"publisher\":{\"@id\":\"https:\/\/ajuntamentbenissano.es\/#organization\"},\"potentialAction\":[{\"@type\":\"SearchAction\",\"target\":{\"@type\":\"EntryPoint\",\"urlTemplate\":\"https:\/\/ajuntamentbenissano.es\/?s={search_term_string}\"},\"query-input\":\"required name=search_term_string\"}],\"inLanguage\":\"es\"},{\"@type\":\"Organization\",\"@id\":\"https:\/\/ajuntamentbenissano.es\/#organization\",\"name\":\"Ajuntament de Benissan\u00f3\",\"url\":\"https:\/\/ajuntamentbenissano.es\/\",\"logo\":{\"@type\":\"ImageObject\",\"inLanguage\":\"es\",\"@id\":\"https:\/\/ajuntamentbenissano.es\/#\/schema\/logo\/image\/\",\"url\":\"https:\/\/ajuntamentbenissano.ayuntamientobenisano.es\/wp-content\/uploads\/2019\/03\/Ajuntament-benissano-st.png\",\"contentUrl\":\"https:\/\/ajuntamentbenissano.ayuntamientobenisano.es\/wp-content\/uploads\/2019\/03\/Ajuntament-benissano-st.png\",\"width\":218,\"height\":90,\"caption\":\"Ajuntament de Benissan\u00f3\"},\"image\":{\"@id\":\"https:\/\/ajuntamentbenissano.es\/#\/schema\/logo\/image\/\"}}]}<\/script>\n<!-- \/ Yoast SEO plugin. -->","yoast_head_json":{"title":"San Vicente Ferrer - Ajuntament de Benissan\u00f3","description":"San Vicente Ferrer - Ajuntament de Benissan\u00f3","robots":{"index":"index","follow":"follow","max-snippet":"max-snippet:-1","max-image-preview":"max-image-preview:large","max-video-preview":"max-video-preview:-1"},"canonical":"https:\/\/ajuntamentbenissano.es\/es\/municipio\/las-fiestas\/san-vicente-ferrer\/","og_locale":"es_ES","og_type":"article","og_title":"San Vicente Ferrer - Ajuntament de Benissan\u00f3","og_description":"San Vicente Ferrer - Ajuntament de Benissan\u00f3","og_url":"https:\/\/ajuntamentbenissano.es\/es\/municipio\/las-fiestas\/san-vicente-ferrer\/","og_site_name":"Ajuntament de Benissan\u00f3","article_modified_time":"2019-04-18T12:18:43+00:00","twitter_card":"summary_large_image","twitter_misc":{"Tiempo de lectura":"1 minuto"},"schema":{"@context":"https:\/\/schema.org","@graph":[{"@type":"WebPage","@id":"https:\/\/ajuntamentbenissano.es\/es\/municipio\/las-fiestas\/san-vicente-ferrer\/","url":"https:\/\/ajuntamentbenissano.es\/es\/municipio\/las-fiestas\/san-vicente-ferrer\/","name":"San Vicente Ferrer - Ajuntament de Benissan\u00f3","isPartOf":{"@id":"https:\/\/ajuntamentbenissano.es\/#website"},"datePublished":"2019-04-03T23:12:38+00:00","dateModified":"2019-04-18T12:18:43+00:00","description":"San Vicente Ferrer - Ajuntament de Benissan\u00f3","breadcrumb":{"@id":"https:\/\/ajuntamentbenissano.es\/es\/municipio\/las-fiestas\/san-vicente-ferrer\/#breadcrumb"},"inLanguage":"es","potentialAction":[{"@type":"ReadAction","target":["https:\/\/ajuntamentbenissano.es\/es\/municipio\/las-fiestas\/san-vicente-ferrer\/"]}]},{"@type":"BreadcrumbList","@id":"https:\/\/ajuntamentbenissano.es\/es\/municipio\/las-fiestas\/san-vicente-ferrer\/#breadcrumb","itemListElement":[{"@type":"ListItem","position":1,"name":"Portada","item":"https:\/\/ajuntamentbenissano.es\/es\/"},{"@type":"ListItem","position":2,"name":"Municipio","item":"https:\/\/ajuntamentbenissano.es\/es\/municipio\/"},{"@type":"ListItem","position":3,"name":"Las fiestas","item":"https:\/\/ajuntamentbenissano.es\/es\/municipio\/las-fiestas\/"},{"@type":"ListItem","position":4,"name":"San Vicente Ferrer"}]},{"@type":"WebSite","@id":"https:\/\/ajuntamentbenissano.es\/#website","url":"https:\/\/ajuntamentbenissano.es\/","name":"Ajuntament de Benissan\u00f3","description":"Benissan\u00f3, un poble amb hist\u00f2ria","publisher":{"@id":"https:\/\/ajuntamentbenissano.es\/#organization"},"potentialAction":[{"@type":"SearchAction","target":{"@type":"EntryPoint","urlTemplate":"https:\/\/ajuntamentbenissano.es\/?s={search_term_string}"},"query-input":"required name=search_term_string"}],"inLanguage":"es"},{"@type":"Organization","@id":"https:\/\/ajuntamentbenissano.es\/#organization","name":"Ajuntament de Benissan\u00f3","url":"https:\/\/ajuntamentbenissano.es\/","logo":{"@type":"ImageObject","inLanguage":"es","@id":"https:\/\/ajuntamentbenissano.es\/#\/schema\/logo\/image\/","url":"https:\/\/ajuntamentbenissano.ayuntamientobenisano.es\/wp-content\/uploads\/2019\/03\/Ajuntament-benissano-st.png","contentUrl":"https:\/\/ajuntamentbenissano.ayuntamientobenisano.es\/wp-content\/uploads\/2019\/03\/Ajuntament-benissano-st.png","width":218,"height":90,"caption":"Ajuntament de Benissan\u00f3"},"image":{"@id":"https:\/\/ajuntamentbenissano.es\/#\/schema\/logo\/image\/"}}]}},"_links":{"self":[{"href":"https:\/\/ajuntamentbenissano.es\/es\/wp-json\/wp\/v2\/pages\/1206"}],"collection":[{"href":"https:\/\/ajuntamentbenissano.es\/es\/wp-json\/wp\/v2\/pages"}],"about":[{"href":"https:\/\/ajuntamentbenissano.es\/es\/wp-json\/wp\/v2\/types\/page"}],"author":[{"embeddable":true,"href":"https:\/\/ajuntamentbenissano.es\/es\/wp-json\/wp\/v2\/users\/1"}],"replies":[{"embeddable":true,"href":"https:\/\/ajuntamentbenissano.es\/es\/wp-json\/wp\/v2\/comments?post=1206"}],"version-history":[{"count":0,"href":"https:\/\/ajuntamentbenissano.es\/es\/wp-json\/wp\/v2\/pages\/1206\/revisions"}],"up":[{"embeddable":true,"href":"https:\/\/ajuntamentbenissano.es\/es\/wp-json\/wp\/v2\/pages\/1061"}],"wp:attachment":[{"href":"https:\/\/ajuntamentbenissano.es\/es\/wp-json\/wp\/v2\/media?parent=1206"}],"curies":[{"name":"wp","href":"https:\/\/api.w.org\/{rel}","templated":true}]}}