{"id":120,"date":"2018-03-23T15:03:15","date_gmt":"2018-03-23T14:03:15","guid":{"rendered":"http:\/\/bridge195.qodeinteractive.com\/?page_id=120"},"modified":"2023-07-25T16:50:25","modified_gmt":"2023-07-25T14:50:25","slug":"ayuntamiento","status":"publish","type":"page","link":"https:\/\/ajuntamentbenissano.es\/es\/ayuntamiento\/","title":{"rendered":"Ayuntamiento"},"content":{"rendered":"<p>[vc_row css_animation=\u00bb\u00bb row_type=\u00bbrow\u00bb use_row_as_full_screen_section=\u00bbno\u00bb type=\u00bbfull_width\u00bb angled_section=\u00bbno\u00bb text_align=\u00bbcenter\u00bb background_image_as_pattern=\u00bbwithout_pattern\u00bb z_index=\u00bb\u00bb css=\u00bb.vc_custom_1555235313557{margin-bottom: 30px !important;}\u00bb][vc_column offset=\u00bbvc_hidden-lg vc_hidden-md\u00bb][vc_single_image image=\u00bb637&#8243; img_size=\u00bb1000&#215;448&#8243; alignment=\u00bbcenter\u00bb qode_css_animation=\u00bb\u00bb css=\u00bb.vc_custom_1555355204962{margin-bottom: 50px !important;}\u00bb][\/vc_column][\/vc_row][vc_row css_animation=\u00bb\u00bb row_type=\u00bbrow\u00bb use_row_as_full_screen_section=\u00bbno\u00bb type=\u00bbfull_width\u00bb angled_section=\u00bbno\u00bb text_align=\u00bbcenter\u00bb background_image_as_pattern=\u00bbwithout_pattern\u00bb css=\u00bb.vc_custom_1555235283744{margin-top: 0px !important;margin-right: 0px !important;margin-bottom: 0px !important;margin-left: 0px !important;padding-top: 0px !important;padding-right: 0px !important;padding-bottom: 0px !important;padding-left: 0px !important;}\u00bb z_index=\u00bb\u00bb][vc_column css=\u00bb.vc_custom_1555235710794{margin-top: 0px !important;margin-right: 0px !important;margin-bottom: 0px !important;margin-left: 0px !important;padding-top: 0px !important;padding-right: 0px !important;padding-bottom: 0px !important;padding-left: 0px !important;}\u00bb offset=\u00bbvc_hidden-sm vc_hidden-xs\u00bb][vc_row_inner row_type=\u00bbrow\u00bb type=\u00bbfull_width\u00bb text_align=\u00bbleft\u00bb css_animation=\u00bb\u00bb][vc_column_inner][vc_separator type=\u00bbnormal\u00bb up=\u00bb150&#8243;][\/vc_column_inner][\/vc_row_inner][vc_single_image image=\u00bb637&#8243; img_size=\u00bbfull\u00bb alignment=\u00bbcenter\u00bb qode_css_animation=\u00bb\u00bb css=\u00bb.vc_custom_1555355227727{margin-right: 0px !important;margin-bottom: -100px !important;margin-left: 0px !important;padding-top: 0px !important;padding-right: 0px !important;padding-bottom: 0px !important;padding-left: 0px !important;}\u00bb][vc_row_inner row_type=\u00bbrow\u00bb use_as_box=\u00bbuse_row_as_box\u00bb type=\u00bbgrid\u00bb text_align=\u00bbcenter\u00bb css_animation=\u00bb\u00bb css=\u00bb.vc_custom_1551903466347{background-position: 0 0 !important;background-repeat: no-repeat !important;}\u00bb el_class=\u00bbpage_link\u00bb][vc_column_inner el_class=\u00bbhomebanner\u00bb width=\u00bb1\/4&#8243; css=\u00bb.vc_custom_1555007965007{margin-bottom: 15px !important;padding-right: 25px !important;padding-left: 25px !important;}\u00bb offset=\u00bbvc_hidden-sm vc_hidden-xs\u00bb][qode_elements_holder number_of_columns=\u00bbone_column\u00bb alignment_one_column=\u00bbcenter\u00bb][qode_elements_holder_item vertical_alignment=\u00bbbottom\u00bb horizontal_alignment=\u00bbcenter\u00bb advanced_animations=\u00bbno\u00bb background_color=\u00bb#a60f38&#8243;][vc_single_image image=\u00bb359&#8243; img_size=\u00bb75&#215;75&#8243; alignment=\u00bbcenter\u00bb onclick=\u00bbcustom_link\u00bb qode_css_animation=\u00bb\u00bb link=\u00bb\/ayuntamiento\/\u00bb css=\u00bb.vc_custom_1553712804053{margin-top: 20px !important;}\u00bb][vc_column_text css=\u00bb.vc_custom_1555240424612{margin-top: 5px !important;margin-bottom: 0px !important;}\u00bb]<\/p>\n<h3 class=\"homebannertit\"><a class=\"homebannertit\" href=\"https:\/\/ajuntamentbenissano.ayuntamientobenisano.es\/ayuntamiento\/\"><br \/>\nAyuntamiento<\/a><\/h3>\n<p>[\/vc_column_text][\/qode_elements_holder_item][\/qode_elements_holder][\/vc_column_inner][vc_column_inner el_class=\u00bbhomebanner\u00bb width=\u00bb1\/4&#8243; css=\u00bb.vc_custom_1555007974782{margin-bottom: 15px !important;padding-right: 25px !important;padding-left: 25px !important;}\u00bb offset=\u00bbvc_hidden-sm vc_hidden-xs\u00bb][qode_elements_holder number_of_columns=\u00bbone_column\u00bb][qode_elements_holder_item vertical_alignment=\u00bbbottom\u00bb horizontal_alignment=\u00bbcenter\u00bb advanced_animations=\u00bbno\u00bb background_color=\u00bb#a60f38&#8243;][vc_single_image image=\u00bb361&#8243; img_size=\u00bb75&#215;75&#8243; alignment=\u00bbcenter\u00bb onclick=\u00bbcustom_link\u00bb qode_css_animation=\u00bb\u00bb link=\u00bb\/sede-electronica\/\u00bb css=\u00bb.vc_custom_1553712876004{margin-top: 20px !important;}\u00bb][vc_column_text css=\u00bb.vc_custom_1555240534140{margin-top: 5px !important;margin-bottom: 0px !important;}\u00bb]<\/p>\n<h3 class=\"homebannertit\"><a class=\"homebannertit\" href=\"http:\/\/ajuntamentbenissano.sedelectronica.es\/\">Sede<br \/>\nelectr\u00f3nica<\/a><\/h3>\n<p>[\/vc_column_text][\/qode_elements_holder_item][\/qode_elements_holder][\/vc_column_inner][vc_column_inner el_class=\u00bbhomebanner\u00bb width=\u00bb1\/4&#8243; css=\u00bb.vc_custom_1555007986459{margin-bottom: 15px !important;padding-right: 25px !important;padding-left: 25px !important;}\u00bb offset=\u00bbvc_hidden-sm vc_hidden-xs\u00bb][qode_elements_holder number_of_columns=\u00bbone_column\u00bb][qode_elements_holder_item vertical_alignment=\u00bbbottom\u00bb horizontal_alignment=\u00bbcenter\u00bb advanced_animations=\u00bbno\u00bb background_color=\u00bb#a60f38&#8243;][vc_single_image image=\u00bb360&#8243; img_size=\u00bb75&#215;75&#8243; alignment=\u00bbcenter\u00bb onclick=\u00bbcustom_link\u00bb qode_css_animation=\u00bb\u00bb link=\u00bb\/municipio\/\u00bb css=\u00bb.vc_custom_1553712938892{margin-top: 20px !important;}\u00bb][vc_column_text css=\u00bb.vc_custom_1555240573537{margin-top: 5px !important;margin-bottom: 0px !important;}\u00bb]<\/p>\n<h3 class=\"homebannertit\"><a class=\"homebannertit\" href=\"https:\/\/ajuntamentbenissano.ayuntamientobenisano.es\/municipio\/\"><br \/>\nMunicipio<\/a><\/h3>\n<p>[\/vc_column_text][\/qode_elements_holder_item][\/qode_elements_holder][\/vc_column_inner][vc_column_inner el_class=\u00bbhomebanner\u00bb width=\u00bb1\/4&#8243; css=\u00bb.vc_custom_1555007993986{margin-bottom: 15px !important;padding-right: 25px !important;padding-left: 25px !important;}\u00bb offset=\u00bbvc_hidden-sm vc_hidden-xs\u00bb][qode_elements_holder number_of_columns=\u00bbone_column\u00bb][qode_elements_holder_item vertical_alignment=\u00bbbottom\u00bb horizontal_alignment=\u00bbcenter\u00bb advanced_animations=\u00bbno\u00bb background_color=\u00bb#a60f38&#8243;][vc_single_image image=\u00bb362&#8243; img_size=\u00bb75&#215;75&#8243; alignment=\u00bbcenter\u00bb onclick=\u00bbcustom_link\u00bb qode_css_animation=\u00bb\u00bb link=\u00bb#\u00bb css=\u00bb.vc_custom_1552334194445{margin-top: 20px !important;}\u00bb][vc_column_text css=\u00bb.vc_custom_1555240602460{margin-top: 5px !important;margin-bottom: 0px !important;}\u00bb]<\/p>\n<h3 class=\"homebannertit\"><a class=\"homebannertit\" href=\"https:\/\/ajuntamentbenissano.ayuntamientobenisano.es\/portal-de-transparencia\/\">Portal de<br \/>\ntransparencia<\/a><\/h3>\n<p>[\/vc_column_text][\/qode_elements_holder_item][\/qode_elements_holder][\/vc_column_inner][\/vc_row_inner][vc_separator type=\u00bbtransparent\u00bb up=\u00bb40&#8243; down=\u00bb40&#8243;][\/vc_column][\/vc_row][vc_row css_animation=\u00bb\u00bb row_type=\u00bbrow\u00bb use_row_as_full_screen_section=\u00bbno\u00bb type=\u00bbgrid\u00bb angled_section=\u00bbno\u00bb text_align=\u00bbcenter\u00bb background_image_as_pattern=\u00bbwithout_pattern\u00bb padding_top=\u00bb600px\u00bb z_index=\u00bb\u00bb][vc_column][vc_column_text el_class=\u00bbalcaltxt\u00bb]<\/p>\n<p><img loading=\"lazy\" class=\"aligncenter wp-image-5288 size-full\" src=\"https:\/\/ajuntamentbenissano.es\/wp-content\/uploads\/2023\/07\/Amparo-Navarro-Bargues.-Alcaldessa-e1690296557290.png\" alt=\"\" width=\"500\" height=\"667\" \/><\/p>\n<p align=\"JUSTIFY\">Las nuevas tecnolog\u00edas forman parte de nuestro d\u00eda a d\u00eda y son una importante herramienta de trabajo y comunicaci\u00f3n. Es por eso que desde el ayuntamiento han de impulsarse todos aquellos canales de comunicaci\u00f3n que faciliten la participaci\u00f3n ciudadana para construir un municipio m\u00e1s din\u00e1mico y m\u00e1s abierto.<\/p>\n<p>[\/vc_column_text][vc_column_text el_class=\u00bbalcaltxt\u00bb]<\/p>\n<p align=\"JUSTIFY\">Conscientes de la importancia de las nuevas tecnolog\u00edas, es imprescindible actualizar y mejorar constantemente la informaci\u00f3n que facilitamos a todo el que se interesa por la gesti\u00f3n diaria de nuestro municipio.<\/p>\n<p>[\/vc_column_text][vc_column_text el_class=\u00bbalcaltxt\u00bb]<\/p>\n<p align=\"JUSTIFY\">La web municipal pretende abrir una ventana por donde conocer todo lo que puede ofrecer nuestro pueblo y tambi\u00e9n crear un v\u00ednculo de participaci\u00f3n necesario entre vecinos, asociaciones, colectivos y todos aquellos que quieren conocer y descubrir Benisan\u00f3.<\/p>\n<p>[\/vc_column_text][vc_column_text el_class=\u00bbalcaltxt\u00bb]<\/p>\n<p align=\"JUSTIFY\">La proximidad con los vecinos y con quien nos visita debe ser nuestro reto y como alcaldesa conf\u00edo plenamente en que esta p\u00e1gina web sea una herramienta \u00fatil y eficaz en el desarrollo y progreso de nuestro pueblo.<\/p>\n<p>[\/vc_column_text][vc_column_text el_class=\u00bbalcaltxt\u00bb]<\/p>\n<p align=\"JUSTIFY\">Amparo Navarro Bargues<\/p>\n<p align=\"JUSTIFY\">Alcaldesa de Benissan\u00f3<\/p>\n<p>[\/vc_column_text][\/vc_column][\/vc_row][vc_row css_animation=\u00bb\u00bb row_type=\u00bbrow\u00bb use_row_as_full_screen_section=\u00bbno\u00bb type=\u00bbgrid\u00bb angled_section=\u00bbno\u00bb text_align=\u00bbcenter\u00bb background_image_as_pattern=\u00bbwithout_pattern\u00bb padding_top=\u00bb600px\u00bb css=\u00bb.vc_custom_1551611353794{margin-top: 0px !important;margin-right: 0px !important;margin-bottom: 0px !important;margin-left: 0px !important;padding-top: 0px !important;padding-right: 0px !important;padding-bottom: 0px !important;padding-left: 0px !important;}\u00bb z_index=\u00bb\u00bb][vc_column css=\u00bb.vc_custom_1551611411035{margin-top: 10px !important;margin-right: 0px !important;margin-bottom: 10px !important;margin-left: 0px !important;padding-top: 0px !important;padding-right: 0px !important;padding-bottom: 0px !important;padding-left: 0px !important;}\u00bb offset=\u00bbvc_hidden-sm vc_hidden-xs\u00bb][vc_separator type=\u00bbtransparent\u00bb thickness=\u00bb75&#8243;][\/vc_column][\/vc_row]<\/p>\n","protected":false},"excerpt":{"rendered":"<p>[vc_row css_animation=\u00bb\u00bb row_type=\u00bbrow\u00bb use_row_as_full_screen_section=\u00bbno\u00bb type=\u00bbfull_width\u00bb angled_section=\u00bbno\u00bb text_align=\u00bbcenter\u00bb background_image_as_pattern=\u00bbwithout_pattern\u00bb z_index=\u00bb\u00bb css=\u00bb.vc_custom_1555235313557{margin-bottom: 30px !important;}\u00bb][vc_column offset=\u00bbvc_hidden-lg vc_hidden-md\u00bb][vc_single_image image=\u00bb637&#8243; img_size=\u00bb1000&#215;448&#8243; alignment=\u00bbcenter\u00bb qode_css_animation=\u00bb\u00bb css=\u00bb.vc_custom_1555355204962{margin-bottom: 50px !important;}\u00bb][\/vc_column][\/vc_row][vc_row css_animation=\u00bb\u00bb row_type=\u00bbrow\u00bb use_row_as_full_screen_section=\u00bbno\u00bb type=\u00bbfull_width\u00bb angled_section=\u00bbno\u00bb text_align=\u00bbcenter\u00bb background_image_as_pattern=\u00bbwithout_pattern\u00bb css=\u00bb.vc_custom_1555235283744{margin-top: 0px !important;margin-right: 0px !important;margin-bottom: 0px !important;margin-left: 0px !important;padding-top: 0px !important;padding-right: 0px !important;padding-bottom: 0px !important;padding-left: 0px !important;}\u00bb&#8230;<\/p>\n","protected":false},"author":1,"featured_media":5288,"parent":0,"menu_order":1,"comment_status":"closed","ping_status":"closed","template":"full_width.php","meta":[],"yoast_head":"<!-- This site is optimized with the Yoast SEO plugin v19.10 - https:\/\/yoast.com\/wordpress\/plugins\/seo\/ -->\n<title>Ayuntamiento - Ajuntament de Benissan\u00f3<\/title>\n<meta name=\"description\" content=\"Ayuntamiento - Ajuntament de Benissan\u00f3\" \/>\n<meta name=\"robots\" content=\"index, follow, max-snippet:-1, max-image-preview:large, max-video-preview:-1\" \/>\n<link rel=\"canonical\" href=\"https:\/\/ajuntamentbenissano.es\/es\/ayuntamiento\/\" \/>\n<meta property=\"og:locale\" content=\"es_ES\" \/>\n<meta property=\"og:type\" content=\"article\" \/>\n<meta property=\"og:title\" content=\"Ayuntamiento - Ajuntament de Benissan\u00f3\" \/>\n<meta property=\"og:description\" content=\"Ayuntamiento - Ajuntament de Benissan\u00f3\" \/>\n<meta property=\"og:url\" content=\"https:\/\/ajuntamentbenissano.es\/es\/ayuntamiento\/\" \/>\n<meta property=\"og:site_name\" content=\"Ajuntament de Benissan\u00f3\" \/>\n<meta property=\"article:modified_time\" content=\"2023-07-25T14:50:25+00:00\" \/>\n<meta property=\"og:image\" content=\"https:\/\/ajuntamentbenissano.es\/wp-content\/uploads\/2023\/07\/Amparo-Navarro-Bargues.-Alcaldessa-e1690296557290.png\" \/>\n\t<meta property=\"og:image:width\" content=\"500\" \/>\n\t<meta property=\"og:image:height\" content=\"667\" \/>\n\t<meta property=\"og:image:type\" content=\"image\/png\" \/>\n<meta name=\"twitter:card\" content=\"summary_large_image\" \/>\n<meta name=\"twitter:label1\" content=\"Tiempo de lectura\" \/>\n\t<meta name=\"twitter:data1\" content=\"3 minutos\" \/>\n<script type=\"application\/ld+json\" class=\"yoast-schema-graph\">{\"@context\":\"https:\/\/schema.org\",\"@graph\":[{\"@type\":\"WebPage\",\"@id\":\"https:\/\/ajuntamentbenissano.es\/es\/ayuntamiento\/\",\"url\":\"https:\/\/ajuntamentbenissano.es\/es\/ayuntamiento\/\",\"name\":\"Ayuntamiento - Ajuntament de Benissan\u00f3\",\"isPartOf\":{\"@id\":\"https:\/\/ajuntamentbenissano.es\/#website\"},\"datePublished\":\"2018-03-23T14:03:15+00:00\",\"dateModified\":\"2023-07-25T14:50:25+00:00\",\"description\":\"Ayuntamiento - Ajuntament de Benissan\u00f3\",\"breadcrumb\":{\"@id\":\"https:\/\/ajuntamentbenissano.es\/es\/ayuntamiento\/#breadcrumb\"},\"inLanguage\":\"es\",\"potentialAction\":[{\"@type\":\"ReadAction\",\"target\":[\"https:\/\/ajuntamentbenissano.es\/es\/ayuntamiento\/\"]}]},{\"@type\":\"BreadcrumbList\",\"@id\":\"https:\/\/ajuntamentbenissano.es\/es\/ayuntamiento\/#breadcrumb\",\"itemListElement\":[{\"@type\":\"ListItem\",\"position\":1,\"name\":\"Portada\",\"item\":\"https:\/\/ajuntamentbenissano.es\/es\/\"},{\"@type\":\"ListItem\",\"position\":2,\"name\":\"Ayuntamiento\"}]},{\"@type\":\"WebSite\",\"@id\":\"https:\/\/ajuntamentbenissano.es\/#website\",\"url\":\"https:\/\/ajuntamentbenissano.es\/\",\"name\":\"Ajuntament de Benissan\u00f3\",\"description\":\"Benissan\u00f3, un poble amb hist\u00f2ria\",\"publisher\":{\"@id\":\"https:\/\/ajuntamentbenissano.es\/#organization\"},\"potentialAction\":[{\"@type\":\"SearchAction\",\"target\":{\"@type\":\"EntryPoint\",\"urlTemplate\":\"https:\/\/ajuntamentbenissano.es\/?s={search_term_string}\"},\"query-input\":\"required name=search_term_string\"}],\"inLanguage\":\"es\"},{\"@type\":\"Organization\",\"@id\":\"https:\/\/ajuntamentbenissano.es\/#organization\",\"name\":\"Ajuntament de Benissan\u00f3\",\"url\":\"https:\/\/ajuntamentbenissano.es\/\",\"logo\":{\"@type\":\"ImageObject\",\"inLanguage\":\"es\",\"@id\":\"https:\/\/ajuntamentbenissano.es\/#\/schema\/logo\/image\/\",\"url\":\"https:\/\/ajuntamentbenissano.ayuntamientobenisano.es\/wp-content\/uploads\/2019\/03\/Ajuntament-benissano-st.png\",\"contentUrl\":\"https:\/\/ajuntamentbenissano.ayuntamientobenisano.es\/wp-content\/uploads\/2019\/03\/Ajuntament-benissano-st.png\",\"width\":218,\"height\":90,\"caption\":\"Ajuntament de Benissan\u00f3\"},\"image\":{\"@id\":\"https:\/\/ajuntamentbenissano.es\/#\/schema\/logo\/image\/\"}}]}<\/script>\n<!-- \/ Yoast SEO plugin. -->","yoast_head_json":{"title":"Ayuntamiento - Ajuntament de Benissan\u00f3","description":"Ayuntamiento - Ajuntament de Benissan\u00f3","robots":{"index":"index","follow":"follow","max-snippet":"max-snippet:-1","max-image-preview":"max-image-preview:large","max-video-preview":"max-video-preview:-1"},"canonical":"https:\/\/ajuntamentbenissano.es\/es\/ayuntamiento\/","og_locale":"es_ES","og_type":"article","og_title":"Ayuntamiento - Ajuntament de Benissan\u00f3","og_description":"Ayuntamiento - Ajuntament de Benissan\u00f3","og_url":"https:\/\/ajuntamentbenissano.es\/es\/ayuntamiento\/","og_site_name":"Ajuntament de Benissan\u00f3","article_modified_time":"2023-07-25T14:50:25+00:00","og_image":[{"width":500,"height":667,"url":"https:\/\/ajuntamentbenissano.es\/wp-content\/uploads\/2023\/07\/Amparo-Navarro-Bargues.-Alcaldessa-e1690296557290.png","type":"image\/png"}],"twitter_card":"summary_large_image","twitter_misc":{"Tiempo de lectura":"3 minutos"},"schema":{"@context":"https:\/\/schema.org","@graph":[{"@type":"WebPage","@id":"https:\/\/ajuntamentbenissano.es\/es\/ayuntamiento\/","url":"https:\/\/ajuntamentbenissano.es\/es\/ayuntamiento\/","name":"Ayuntamiento - Ajuntament de Benissan\u00f3","isPartOf":{"@id":"https:\/\/ajuntamentbenissano.es\/#website"},"datePublished":"2018-03-23T14:03:15+00:00","dateModified":"2023-07-25T14:50:25+00:00","description":"Ayuntamiento - Ajuntament de Benissan\u00f3","breadcrumb":{"@id":"https:\/\/ajuntamentbenissano.es\/es\/ayuntamiento\/#breadcrumb"},"inLanguage":"es","potentialAction":[{"@type":"ReadAction","target":["https:\/\/ajuntamentbenissano.es\/es\/ayuntamiento\/"]}]},{"@type":"BreadcrumbList","@id":"https:\/\/ajuntamentbenissano.es\/es\/ayuntamiento\/#breadcrumb","itemListElement":[{"@type":"ListItem","position":1,"name":"Portada","item":"https:\/\/ajuntamentbenissano.es\/es\/"},{"@type":"ListItem","position":2,"name":"Ayuntamiento"}]},{"@type":"WebSite","@id":"https:\/\/ajuntamentbenissano.es\/#website","url":"https:\/\/ajuntamentbenissano.es\/","name":"Ajuntament de Benissan\u00f3","description":"Benissan\u00f3, un poble amb hist\u00f2ria","publisher":{"@id":"https:\/\/ajuntamentbenissano.es\/#organization"},"potentialAction":[{"@type":"SearchAction","target":{"@type":"EntryPoint","urlTemplate":"https:\/\/ajuntamentbenissano.es\/?s={search_term_string}"},"query-input":"required name=search_term_string"}],"inLanguage":"es"},{"@type":"Organization","@id":"https:\/\/ajuntamentbenissano.es\/#organization","name":"Ajuntament de Benissan\u00f3","url":"https:\/\/ajuntamentbenissano.es\/","logo":{"@type":"ImageObject","inLanguage":"es","@id":"https:\/\/ajuntamentbenissano.es\/#\/schema\/logo\/image\/","url":"https:\/\/ajuntamentbenissano.ayuntamientobenisano.es\/wp-content\/uploads\/2019\/03\/Ajuntament-benissano-st.png","contentUrl":"https:\/\/ajuntamentbenissano.ayuntamientobenisano.es\/wp-content\/uploads\/2019\/03\/Ajuntament-benissano-st.png","width":218,"height":90,"caption":"Ajuntament de Benissan\u00f3"},"image":{"@id":"https:\/\/ajuntamentbenissano.es\/#\/schema\/logo\/image\/"}}]}},"_links":{"self":[{"href":"https:\/\/ajuntamentbenissano.es\/es\/wp-json\/wp\/v2\/pages\/120"}],"collection":[{"href":"https:\/\/ajuntamentbenissano.es\/es\/wp-json\/wp\/v2\/pages"}],"about":[{"href":"https:\/\/ajuntamentbenissano.es\/es\/wp-json\/wp\/v2\/types\/page"}],"author":[{"embeddable":true,"href":"https:\/\/ajuntamentbenissano.es\/es\/wp-json\/wp\/v2\/users\/1"}],"replies":[{"embeddable":true,"href":"https:\/\/ajuntamentbenissano.es\/es\/wp-json\/wp\/v2\/comments?post=120"}],"version-history":[{"count":2,"href":"https:\/\/ajuntamentbenissano.es\/es\/wp-json\/wp\/v2\/pages\/120\/revisions"}],"predecessor-version":[{"id":5309,"href":"https:\/\/ajuntamentbenissano.es\/es\/wp-json\/wp\/v2\/pages\/120\/revisions\/5309"}],"wp:featuredmedia":[{"embeddable":true,"href":"https:\/\/ajuntamentbenissano.es\/es\/wp-json\/wp\/v2\/media\/5288"}],"wp:attachment":[{"href":"https:\/\/ajuntamentbenissano.es\/es\/wp-json\/wp\/v2\/media?parent=120"}],"curies":[{"name":"wp","href":"https:\/\/api.w.org\/{rel}","templated":true}]}}