{"id":1188,"date":"2019-04-04T01:01:06","date_gmt":"2019-04-03T23:01:06","guid":{"rendered":"https:\/\/www.ajuntamentbenissano.es\/?page_id=1188"},"modified":"2019-04-18T14:15:52","modified_gmt":"2019-04-18T12:15:52","slug":"premios-castillo-de-benissano","status":"publish","type":"page","link":"https:\/\/ajuntamentbenissano.es\/es\/municipio\/las-fiestas\/premios-castillo-de-benissano\/","title":{"rendered":"Premios Castillo de Benissan\u00f3"},"content":{"rendered":"<p>[vc_row css_animation=\u00bb\u00bb row_type=\u00bbrow\u00bb use_row_as_full_screen_section=\u00bbno\u00bb type=\u00bbfull_width\u00bb angled_section=\u00bbno\u00bb text_align=\u00bbleft\u00bb background_image_as_pattern=\u00bbwithout_pattern\u00bb][vc_column][vc_separator type=\u00bbtransparent\u00bb down=\u00bb50&#8243;][\/vc_column][\/vc_row][vc_row css_animation=\u00bb\u00bb row_type=\u00bbrow\u00bb use_row_as_full_screen_section=\u00bbno\u00bb type=\u00bbgrid\u00bb angled_section=\u00bbno\u00bb text_align=\u00bbleft\u00bb background_image_as_pattern=\u00bbwithout_pattern\u00bb z_index=\u00bb\u00bb][vc_column width=\u00bb3\/4&#8243;][vc_column_text]Los premios \u201cCastell de Benissan\u00f3\u201d son unos galardones municipales, creados para premiar o reconocer m\u00e9ritos extraordinarios a personas, entidades o cooporaciones que han prestado servicios o dispensado honores o beneficios de \u00e1mbito cultural, cient\u00edfico, social, art\u00edstico, deportivo, pol\u00edtico o econ\u00f3mico en Benissan\u00f3.[\/vc_column_text][vc_separator type=\u00bbnormal\u00bb up=\u00bb20&#8243; down=\u00bb20&#8243;][vc_gallery interval=\u00bb3&#8243; images=\u00bb1189,1191,1193,1195&#8243; img_size=\u00bbfull\u00bb direction_nav=\u00bbyes\u00bb control_nav=\u00bbyes\u00bb][vc_column_text]El acto solemne de la entrega de premios corresponde al Sr. o Sra. Alcalde\/sa de la localidad, y se entregan alrededor del d\u00eda cuatro de febrero junto con la celebraci\u00f3n de los actos conmemorativos de la adquisici\u00f3n del Castillo de Benissan\u00f3 por parte del municipio.[\/vc_column_text][vc_column_text]<\/p>\n<p>Hasta el a\u00f1o 2016 se entregaban un total de cinco premios en diferentes categor\u00edas como por ejemplo: trayectoria personal, cultura, pol\u00edtica, actividad empresarial, deporte, etc. A partir de este a\u00f1o, 2016, se entregan dos premios, uno de car\u00e1cter local y otro de car\u00e1cter auton\u00f3mico o nacional.[\/vc_column_text][vc_separator type=\u00bbnormal\u00bb up=\u00bb20&#8243; down=\u00bb20&#8243;][vc_column_text]<\/p>\n<h2>Listado de los \u00faltimos galardonados<\/h2>\n<p>[\/vc_column_text][vc_separator type=\u00bbtransparent\u00bb up=\u00bb15&#8243; down=\u00bb15&#8243;][vc_column_text]<\/p>\n<h4>Premis 2019 &#8211; XVII edici\u00f3<\/h4>\n<p>Premio auton\u00f3mico a la trayectoria empresarial de car\u00e1cter social a la empresa Visualfy.[\/vc_column_text][vc_separator type=\u00bbtransparent\u00bb up=\u00bb15&#8243; down=\u00bb15&#8243;]<div class=\"qode_video_box\">\n\t<a itemprop=\"image\" class=\"qode_video_image\" href=\"https:\/\/vimeo.com\/317124447\" data-rel=\"prettyPhoto\">\n\t\t\t\n\t\t\t<img src=\"https:\/\/ajuntamentbenissano.es\/wp-content\/uploads\/2019\/03\/premio-castillo-de-benissano-a-visualfy.jpg\" \/>\n\t\t\t<span class=\"qode_video_box_button_holder\">\n\t\t\t\t<span class=\"qode_video_box_button\">\n\t\t\t\t\t<span class=\"qode_video_box_button_arrow\">\n\t\t\t\t\t<\/span>\n\t\t\t\t<\/span>\n\t\t\t<\/span>\n\t\t\t<\/a>\n<\/div>[vc_separator type=\u00bbtransparent\u00bb up=\u00bb15&#8243; down=\u00bb15&#8243;][vc_column_text]Premio local a la trayectoria como entidad sin \u00e1nimo de lucro y en la lucha contra el c\u00e1ncer a la\u00a0Junta Local contra el c\u00e0ncer.[\/vc_column_text][vc_separator type=\u00bbtransparent\u00bb up=\u00bb15&#8243; down=\u00bb15&#8243;]<div class=\"qode_video_box\">\n\t<a itemprop=\"image\" class=\"qode_video_image\" href=\"https:\/\/vimeo.com\/322172622\" data-rel=\"prettyPhoto\">\n\t\t\t\n\t\t\t<img src=\"https:\/\/ajuntamentbenissano.es\/wp-content\/uploads\/2019\/03\/premio-castillo-de-benissano-a-la-Junta-local-contra-el-cancer.jpg\" \/>\n\t\t\t<span class=\"qode_video_box_button_holder\">\n\t\t\t\t<span class=\"qode_video_box_button\">\n\t\t\t\t\t<span class=\"qode_video_box_button_arrow\">\n\t\t\t\t\t<\/span>\n\t\t\t\t<\/span>\n\t\t\t<\/span>\n\t\t\t<\/a>\n<\/div>[vc_separator type=\u00bbtransparent\u00bb up=\u00bb15&#8243; down=\u00bb15&#8243;][vc_column_text]<\/p>\n<h4>Premios 2018 &#8211; XVI edici\u00f3n<\/h4>\n<p>Premio auton\u00f3mico a la trayectoria cultural a\u00a0Carmen Amoraga Toledo, escritora.<\/p>\n<p>Premio local a la trayectoria en el mundo del asociacionismo juvenil a\u00a0Movimiento juvenil cat\u00f3lico junior \u201cSol naciente\u201d.<\/p>\n<p>[\/vc_column_text][vc_separator type=\u00bbnormal\u00bb up=\u00bb20&#8243; down=\u00bb20&#8243;][vc_column_text]<\/p>\n<h4>Premios 2017 &#8211; XV edici\u00f3n<\/h4>\n<p>Premio auton\u00f3mico a la trayectoria profesional y personal a\u00a0Carles Subiela Ib\u00e1\u00f1ez, \u00abConsolat de Mar\u00bb.<\/p>\n<p>Premio local a la trayectoria profesional en el mundo de la cooperaci\u00f3n internacional y la defensa de la salud.<\/p>\n<p>[\/vc_column_text][vc_separator type=\u00bbnormal\u00bb up=\u00bb20&#8243; down=\u00bb20&#8243;][vc_column_text]<\/p>\n<h4>Premios 2016 &#8211; XIV edici\u00f3n<\/h4>\n<p>Premio auton\u00f3mico a la trayectoria cultural y art\u00edstica a\u00a0Antonio Ortiz Fuster \u00abOrtifus\u00bb.<\/p>\n<p>Premio local a t\u00edtulo p\u00f3stum, por su trayectoria empresarial a\u00a0Rafael Vidal Tortajada, fundador Restaurante Levante.<\/p>\n<p>[\/vc_column_text][vc_separator type=\u00bbnormal\u00bb up=\u00bb20&#8243; down=\u00bb20&#8243;][\/vc_column][vc_column width=\u00bb1\/4&#8243;][vc_widget_sidebar sidebar_id=\u00bbSidebar municipio fiestas\u00bb][\/vc_column][\/vc_row][vc_row css_animation=\u00bb\u00bb row_type=\u00bbrow\u00bb use_row_as_full_screen_section=\u00bbno\u00bb type=\u00bbfull_width\u00bb angled_section=\u00bbno\u00bb text_align=\u00bbleft\u00bb background_image_as_pattern=\u00bbwithout_pattern\u00bb][vc_column][vc_separator type=\u00bbtransparent\u00bb up=\u00bb40&#8243;][\/vc_column][\/vc_row]<\/p>\n","protected":false},"excerpt":{"rendered":"<p>[vc_row css_animation=\u00bb\u00bb row_type=\u00bbrow\u00bb use_row_as_full_screen_section=\u00bbno\u00bb type=\u00bbfull_width\u00bb angled_section=\u00bbno\u00bb text_align=\u00bbleft\u00bb background_image_as_pattern=\u00bbwithout_pattern\u00bb][vc_column][vc_separator type=\u00bbtransparent\u00bb down=\u00bb50&#8243;][\/vc_column][\/vc_row][vc_row css_animation=\u00bb\u00bb row_type=\u00bbrow\u00bb use_row_as_full_screen_section=\u00bbno\u00bb type=\u00bbgrid\u00bb angled_section=\u00bbno\u00bb text_align=\u00bbleft\u00bb background_image_as_pattern=\u00bbwithout_pattern\u00bb z_index=\u00bb\u00bb][vc_column width=\u00bb3\/4&#8243;][vc_column_text]Los premios \u201cCastell de Benissan\u00f3\u201d son unos galardones municipales, creados para premiar o reconocer m\u00e9ritos extraordinarios a personas, entidades o cooporaciones que han prestado servicios o dispensado&#8230;<\/p>\n","protected":false},"author":1,"featured_media":0,"parent":1061,"menu_order":1,"comment_status":"closed","ping_status":"closed","template":"full_width.php","meta":[],"yoast_head":"<!-- This site is optimized with the Yoast SEO plugin v19.10 - https:\/\/yoast.com\/wordpress\/plugins\/seo\/ -->\n<title>Premios Castillo de Benissan\u00f3 - Ajuntament de Benissan\u00f3<\/title>\n<meta name=\"description\" content=\"Premios Castillo de Benissan\u00f3 - Ajuntament de Benissan\u00f3\" \/>\n<meta name=\"robots\" content=\"index, follow, max-snippet:-1, max-image-preview:large, max-video-preview:-1\" \/>\n<link rel=\"canonical\" href=\"https:\/\/ajuntamentbenissano.es\/es\/municipio\/las-fiestas\/premios-castillo-de-benissano\/\" \/>\n<meta property=\"og:locale\" content=\"es_ES\" \/>\n<meta property=\"og:type\" content=\"article\" \/>\n<meta property=\"og:title\" content=\"Premios Castillo de Benissan\u00f3 - Ajuntament de Benissan\u00f3\" \/>\n<meta property=\"og:description\" content=\"Premios Castillo de Benissan\u00f3 - Ajuntament de Benissan\u00f3\" \/>\n<meta property=\"og:url\" content=\"https:\/\/ajuntamentbenissano.es\/es\/municipio\/las-fiestas\/premios-castillo-de-benissano\/\" \/>\n<meta property=\"og:site_name\" content=\"Ajuntament de Benissan\u00f3\" \/>\n<meta property=\"article:modified_time\" content=\"2019-04-18T12:15:52+00:00\" \/>\n<meta name=\"twitter:card\" content=\"summary_large_image\" \/>\n<meta name=\"twitter:label1\" content=\"Tiempo de lectura\" \/>\n\t<meta name=\"twitter:data1\" content=\"3 minutos\" \/>\n<script type=\"application\/ld+json\" class=\"yoast-schema-graph\">{\"@context\":\"https:\/\/schema.org\",\"@graph\":[{\"@type\":\"WebPage\",\"@id\":\"https:\/\/ajuntamentbenissano.es\/es\/municipio\/las-fiestas\/premios-castillo-de-benissano\/\",\"url\":\"https:\/\/ajuntamentbenissano.es\/es\/municipio\/las-fiestas\/premios-castillo-de-benissano\/\",\"name\":\"Premios Castillo de Benissan\u00f3 - Ajuntament de Benissan\u00f3\",\"isPartOf\":{\"@id\":\"https:\/\/ajuntamentbenissano.es\/#website\"},\"datePublished\":\"2019-04-03T23:01:06+00:00\",\"dateModified\":\"2019-04-18T12:15:52+00:00\",\"description\":\"Premios Castillo de Benissan\u00f3 - Ajuntament de Benissan\u00f3\",\"breadcrumb\":{\"@id\":\"https:\/\/ajuntamentbenissano.es\/es\/municipio\/las-fiestas\/premios-castillo-de-benissano\/#breadcrumb\"},\"inLanguage\":\"es\",\"potentialAction\":[{\"@type\":\"ReadAction\",\"target\":[\"https:\/\/ajuntamentbenissano.es\/es\/municipio\/las-fiestas\/premios-castillo-de-benissano\/\"]}]},{\"@type\":\"BreadcrumbList\",\"@id\":\"https:\/\/ajuntamentbenissano.es\/es\/municipio\/las-fiestas\/premios-castillo-de-benissano\/#breadcrumb\",\"itemListElement\":[{\"@type\":\"ListItem\",\"position\":1,\"name\":\"Portada\",\"item\":\"https:\/\/ajuntamentbenissano.es\/es\/\"},{\"@type\":\"ListItem\",\"position\":2,\"name\":\"Municipio\",\"item\":\"https:\/\/ajuntamentbenissano.es\/es\/municipio\/\"},{\"@type\":\"ListItem\",\"position\":3,\"name\":\"Las fiestas\",\"item\":\"https:\/\/ajuntamentbenissano.es\/es\/municipio\/las-fiestas\/\"},{\"@type\":\"ListItem\",\"position\":4,\"name\":\"Premios Castillo de Benissan\u00f3\"}]},{\"@type\":\"WebSite\",\"@id\":\"https:\/\/ajuntamentbenissano.es\/#website\",\"url\":\"https:\/\/ajuntamentbenissano.es\/\",\"name\":\"Ajuntament de Benissan\u00f3\",\"description\":\"Benissan\u00f3, un poble amb hist\u00f2ria\",\"publisher\":{\"@id\":\"https:\/\/ajuntamentbenissano.es\/#organization\"},\"potentialAction\":[{\"@type\":\"SearchAction\",\"target\":{\"@type\":\"EntryPoint\",\"urlTemplate\":\"https:\/\/ajuntamentbenissano.es\/?s={search_term_string}\"},\"query-input\":\"required name=search_term_string\"}],\"inLanguage\":\"es\"},{\"@type\":\"Organization\",\"@id\":\"https:\/\/ajuntamentbenissano.es\/#organization\",\"name\":\"Ajuntament de Benissan\u00f3\",\"url\":\"https:\/\/ajuntamentbenissano.es\/\",\"logo\":{\"@type\":\"ImageObject\",\"inLanguage\":\"es\",\"@id\":\"https:\/\/ajuntamentbenissano.es\/#\/schema\/logo\/image\/\",\"url\":\"https:\/\/ajuntamentbenissano.ayuntamientobenisano.es\/wp-content\/uploads\/2019\/03\/Ajuntament-benissano-st.png\",\"contentUrl\":\"https:\/\/ajuntamentbenissano.ayuntamientobenisano.es\/wp-content\/uploads\/2019\/03\/Ajuntament-benissano-st.png\",\"width\":218,\"height\":90,\"caption\":\"Ajuntament de Benissan\u00f3\"},\"image\":{\"@id\":\"https:\/\/ajuntamentbenissano.es\/#\/schema\/logo\/image\/\"}}]}<\/script>\n<!-- \/ Yoast SEO plugin. -->","yoast_head_json":{"title":"Premios Castillo de Benissan\u00f3 - Ajuntament de Benissan\u00f3","description":"Premios Castillo de Benissan\u00f3 - Ajuntament de Benissan\u00f3","robots":{"index":"index","follow":"follow","max-snippet":"max-snippet:-1","max-image-preview":"max-image-preview:large","max-video-preview":"max-video-preview:-1"},"canonical":"https:\/\/ajuntamentbenissano.es\/es\/municipio\/las-fiestas\/premios-castillo-de-benissano\/","og_locale":"es_ES","og_type":"article","og_title":"Premios Castillo de Benissan\u00f3 - Ajuntament de Benissan\u00f3","og_description":"Premios Castillo de Benissan\u00f3 - Ajuntament de Benissan\u00f3","og_url":"https:\/\/ajuntamentbenissano.es\/es\/municipio\/las-fiestas\/premios-castillo-de-benissano\/","og_site_name":"Ajuntament de Benissan\u00f3","article_modified_time":"2019-04-18T12:15:52+00:00","twitter_card":"summary_large_image","twitter_misc":{"Tiempo de lectura":"3 minutos"},"schema":{"@context":"https:\/\/schema.org","@graph":[{"@type":"WebPage","@id":"https:\/\/ajuntamentbenissano.es\/es\/municipio\/las-fiestas\/premios-castillo-de-benissano\/","url":"https:\/\/ajuntamentbenissano.es\/es\/municipio\/las-fiestas\/premios-castillo-de-benissano\/","name":"Premios Castillo de Benissan\u00f3 - Ajuntament de Benissan\u00f3","isPartOf":{"@id":"https:\/\/ajuntamentbenissano.es\/#website"},"datePublished":"2019-04-03T23:01:06+00:00","dateModified":"2019-04-18T12:15:52+00:00","description":"Premios Castillo de Benissan\u00f3 - Ajuntament de Benissan\u00f3","breadcrumb":{"@id":"https:\/\/ajuntamentbenissano.es\/es\/municipio\/las-fiestas\/premios-castillo-de-benissano\/#breadcrumb"},"inLanguage":"es","potentialAction":[{"@type":"ReadAction","target":["https:\/\/ajuntamentbenissano.es\/es\/municipio\/las-fiestas\/premios-castillo-de-benissano\/"]}]},{"@type":"BreadcrumbList","@id":"https:\/\/ajuntamentbenissano.es\/es\/municipio\/las-fiestas\/premios-castillo-de-benissano\/#breadcrumb","itemListElement":[{"@type":"ListItem","position":1,"name":"Portada","item":"https:\/\/ajuntamentbenissano.es\/es\/"},{"@type":"ListItem","position":2,"name":"Municipio","item":"https:\/\/ajuntamentbenissano.es\/es\/municipio\/"},{"@type":"ListItem","position":3,"name":"Las fiestas","item":"https:\/\/ajuntamentbenissano.es\/es\/municipio\/las-fiestas\/"},{"@type":"ListItem","position":4,"name":"Premios Castillo de Benissan\u00f3"}]},{"@type":"WebSite","@id":"https:\/\/ajuntamentbenissano.es\/#website","url":"https:\/\/ajuntamentbenissano.es\/","name":"Ajuntament de Benissan\u00f3","description":"Benissan\u00f3, un poble amb hist\u00f2ria","publisher":{"@id":"https:\/\/ajuntamentbenissano.es\/#organization"},"potentialAction":[{"@type":"SearchAction","target":{"@type":"EntryPoint","urlTemplate":"https:\/\/ajuntamentbenissano.es\/?s={search_term_string}"},"query-input":"required name=search_term_string"}],"inLanguage":"es"},{"@type":"Organization","@id":"https:\/\/ajuntamentbenissano.es\/#organization","name":"Ajuntament de Benissan\u00f3","url":"https:\/\/ajuntamentbenissano.es\/","logo":{"@type":"ImageObject","inLanguage":"es","@id":"https:\/\/ajuntamentbenissano.es\/#\/schema\/logo\/image\/","url":"https:\/\/ajuntamentbenissano.ayuntamientobenisano.es\/wp-content\/uploads\/2019\/03\/Ajuntament-benissano-st.png","contentUrl":"https:\/\/ajuntamentbenissano.ayuntamientobenisano.es\/wp-content\/uploads\/2019\/03\/Ajuntament-benissano-st.png","width":218,"height":90,"caption":"Ajuntament de Benissan\u00f3"},"image":{"@id":"https:\/\/ajuntamentbenissano.es\/#\/schema\/logo\/image\/"}}]}},"_links":{"self":[{"href":"https:\/\/ajuntamentbenissano.es\/es\/wp-json\/wp\/v2\/pages\/1188"}],"collection":[{"href":"https:\/\/ajuntamentbenissano.es\/es\/wp-json\/wp\/v2\/pages"}],"about":[{"href":"https:\/\/ajuntamentbenissano.es\/es\/wp-json\/wp\/v2\/types\/page"}],"author":[{"embeddable":true,"href":"https:\/\/ajuntamentbenissano.es\/es\/wp-json\/wp\/v2\/users\/1"}],"replies":[{"embeddable":true,"href":"https:\/\/ajuntamentbenissano.es\/es\/wp-json\/wp\/v2\/comments?post=1188"}],"version-history":[{"count":0,"href":"https:\/\/ajuntamentbenissano.es\/es\/wp-json\/wp\/v2\/pages\/1188\/revisions"}],"up":[{"embeddable":true,"href":"https:\/\/ajuntamentbenissano.es\/es\/wp-json\/wp\/v2\/pages\/1061"}],"wp:attachment":[{"href":"https:\/\/ajuntamentbenissano.es\/es\/wp-json\/wp\/v2\/media?parent=1188"}],"curies":[{"name":"wp","href":"https:\/\/api.w.org\/{rel}","templated":true}]}}